{"id":4539,"date":"2025-01-23T16:16:43","date_gmt":"2025-01-23T16:16:43","guid":{"rendered":"https:\/\/proacquacasa.com\/serie-8000-60-acwgh-black\/"},"modified":"2025-05-07T11:28:40","modified_gmt":"2025-05-07T11:28:40","slug":"series-8000-height-60-cm-ambient-cold-sparkling-and-hot-matt-black-finish","status":"publish","type":"product","link":"https:\/\/proacquacasa.com\/en\/series-8000-height-60-cm-ambient-cold-sparkling-and-hot-matt-black-finish\/","title":{"rendered":"SERIES 8000 HEIGHT 60 cm AMBIENT, COLD, SPARKLING AND HOT MATT BLACK FINISH"},"content":{"rendered":"","protected":false},"excerpt":{"rendered":"<h3 class=\"\" data-start=\"183\" data-end=\"257\"><strong data-start=\"187\" data-end=\"255\">OMDE 8000 60 ACWGH BLACK \u2013 L\u2019Essenza della Purezza e dello Stile<\/strong><\/h3>\n<p class=\"\" data-start=\"259\" data-end=\"859\">OMDE 8000 60 ACWGH BLACK rappresenta l\u2019ultima evoluzione nel mondo della depurazione dell\u2019acqua, unendo tecnologia all\u2019avanguardia, materiali di lusso e un design senza tempo. Non si tratta semplicemente di un depuratore, ma di un vero e proprio elemento di prestigio, pensato per chi desidera il massimo in termini di qualit\u00e0, igiene e stile. La serie 8000 incarna il meglio della ricerca e dell\u2019innovazione, offrendo una soluzione che va oltre la semplice erogazione di acqua: \u00e8 un\u2019esperienza di lusso, un\u2019attenzione meticolosa ai dettagli, un equilibrio perfetto tra funzionalit\u00e0 e raffinatezza.<\/p>\n<h3 class=\"\" data-start=\"861\" data-end=\"921\"><strong data-start=\"865\" data-end=\"919\">Una Filtrazione Superiore per un\u2019Acqua Impeccabile<\/strong><\/h3>\n<p class=\"\" data-start=\"923\" data-end=\"1106\">La qualit\u00e0 dell\u2019acqua non \u00e8 mai stata cos\u00ec elevata. OMDE 8000 \u00e8 dotato di due cartucce filtranti, progettate per garantire un\u2019acqua non solo sicura, ma anche dal sapore eccezionale.<\/p>\n<ul data-start=\"1107\" data-end=\"1394\">\n<li class=\"\" data-start=\"1107\" data-end=\"1239\">\n<p class=\"\" data-start=\"1109\" data-end=\"1239\"><strong data-start=\"1109\" data-end=\"1148\">Cartuccia a carboni attivi naturali<\/strong>: elimina impurit\u00e0, odori e sapori indesiderati, restituendo un\u2019acqua pura e cristallina.<\/p>\n<\/li>\n<li class=\"\" data-start=\"1240\" data-end=\"1394\">\n<p class=\"\" data-start=\"1242\" data-end=\"1394\"><strong data-start=\"1242\" data-end=\"1275\">Nanofiltrazione a 0,01 micron<\/strong>: blocca anche le particelle pi\u00f9 piccole, comprese microplastiche, endotossine e virus, per una protezione superiore.<\/p>\n<\/li>\n<\/ul>\n<p class=\"\" data-start=\"1396\" data-end=\"1663\">Grazie all\u2019innovativa tecnologia <strong data-start=\"1429\" data-end=\"1439\">UV-LED<\/strong>, l\u2019acqua \u00e8 protetta da ogni forma di retro-contaminazione, senza il rischio di surriscaldamento tipico delle vecchie lampade UV. Il risultato? <strong data-start=\"1583\" data-end=\"1619\">Massima igiene senza compromessi<\/strong>, con acqua sempre fresca e incontaminata.<\/p>\n<h3 class=\"\" data-start=\"1665\" data-end=\"1717\"><strong data-start=\"1669\" data-end=\"1715\">Un\u2019Esperienza di Utilizzo Senza Precedenti<\/strong><\/h3>\n<p class=\"\" data-start=\"1719\" data-end=\"1865\">OMDE 8000 non \u00e8 solo un capolavoro di ingegneria, ma anche un dispositivo pensato per offrire <strong data-start=\"1815\" data-end=\"1862\">un\u2019esperienza d\u2019uso intuitiva e sofisticata<\/strong>.<\/p>\n<ul data-start=\"1866\" data-end=\"2396\">\n<li class=\"\" data-start=\"1866\" data-end=\"1974\">\n<p class=\"\" data-start=\"1868\" data-end=\"1974\"><strong data-start=\"1868\" data-end=\"1914\">Elegante selettore in alluminio anodizzato<\/strong>: permette di scegliere con precisione l\u2019acqua desiderata.<\/p>\n<\/li>\n<li class=\"\" data-start=\"1975\" data-end=\"2100\">\n<p class=\"\" data-start=\"1977\" data-end=\"2100\"><strong data-start=\"1977\" data-end=\"2004\">Ampia personalizzazione<\/strong>: acqua <strong data-start=\"2012\" data-end=\"2097\">a temperatura ambiente, fresca, fredda, effervescente, frizzante, tiepida e calda<\/strong>.<\/p>\n<\/li>\n<li class=\"\" data-start=\"2101\" data-end=\"2229\">\n<p class=\"\" data-start=\"2103\" data-end=\"2229\"><strong data-start=\"2103\" data-end=\"2137\">Getto di CO\u2082 ad alta pressione<\/strong>: sanifica e raffredda bicchieri e bottiglie prima dell\u2019utilizzo, per un\u2019esperienza unica.<\/p>\n<\/li>\n<li class=\"\" data-start=\"2230\" data-end=\"2309\">\n<p class=\"\" data-start=\"2232\" data-end=\"2309\"><strong data-start=\"2232\" data-end=\"2260\">Illuminazione LED bianca<\/strong> nel vano di erogazione per un tocco di classe.<\/p>\n<\/li>\n<li class=\"\" data-start=\"2310\" data-end=\"2396\">\n<p class=\"\" data-start=\"2312\" data-end=\"2396\"><strong data-start=\"2312\" data-end=\"2349\">Allarme cambio filtro sul display<\/strong> per una manutenzione sempre sotto controllo.<\/p>\n<\/li>\n<\/ul>\n<h3 class=\"\" data-start=\"2398\" data-end=\"2449\"><strong data-start=\"2402\" data-end=\"2447\">Design Esclusivo e Materiali di Prestigio<\/strong><\/h3>\n<p class=\"\" data-start=\"2451\" data-end=\"2541\">OMDE 8000 60 ACWGH BLACK \u00e8 un\u2019icona di stile, pensata per ambienti moderni ed esclusivi.<\/p>\n<ul data-start=\"2542\" data-end=\"2862\">\n<li class=\"\" data-start=\"2542\" data-end=\"2605\">\n<p class=\"\" data-start=\"2544\" data-end=\"2605\"><strong data-start=\"2544\" data-end=\"2578\">Finitura frontale in cristallo<\/strong>, elegante e senza tempo.<\/p>\n<\/li>\n<li class=\"\" data-start=\"2606\" data-end=\"2697\">\n<p class=\"\" data-start=\"2608\" data-end=\"2697\"><strong data-start=\"2608\" data-end=\"2650\">Vano di erogazione in acciaio inox 304<\/strong>, per una resistenza e un\u2019eleganza superiori.<\/p>\n<\/li>\n<li class=\"\" data-start=\"2698\" data-end=\"2862\">\n<p class=\"\" data-start=\"2700\" data-end=\"2862\"><strong data-start=\"2700\" data-end=\"2754\">Struttura in acciaio inox 304 verniciato a polvere<\/strong>, un dettaglio distintivo che aggiunge un tocco di esclusivit\u00e0, migliorando resistenza e durata nel tempo.<\/p>\n<\/li>\n<\/ul>\n<p class=\"\" data-start=\"2864\" data-end=\"3040\">La scelta di materiali di alta qualit\u00e0 non \u00e8 solo estetica, ma anche funzionale: ogni componente \u00e8 selezionato per garantire <strong data-start=\"2989\" data-end=\"3037\">durabilit\u00e0, igiene e prestazioni impeccabili<\/strong>.<\/p>\n<h3 class=\"\" data-start=\"3042\" data-end=\"3088\"><strong data-start=\"3046\" data-end=\"3086\">Prestazioni di Livello Professionale<\/strong><\/h3>\n<p class=\"\" data-start=\"3090\" data-end=\"3155\">OMDE 8000 non \u00e8 solo bello, ma anche <strong data-start=\"3127\" data-end=\"3152\">potente e performante<\/strong>.<\/p>\n<ul data-start=\"3156\" data-end=\"3619\">\n<li class=\"\" data-start=\"3156\" data-end=\"3244\">\n<p class=\"\" data-start=\"3158\" data-end=\"3244\"><strong data-start=\"3158\" data-end=\"3186\">Capacit\u00e0 di 60 litri\/ora<\/strong>, perfetto per soddisfare anche le esigenze pi\u00f9 elevate.<\/p>\n<\/li>\n<li class=\"\" data-start=\"3245\" data-end=\"3321\">\n<p class=\"\" data-start=\"3247\" data-end=\"3321\"><strong data-start=\"3247\" data-end=\"3290\">Sistema di raffreddamento professionale<\/strong> con gas ecologico senza CFC.<\/p>\n<\/li>\n<li class=\"\" data-start=\"3322\" data-end=\"3410\">\n<p class=\"\" data-start=\"3324\" data-end=\"3410\"><strong data-start=\"3324\" data-end=\"3365\">Sistema di riscaldamento ultra-rapido<\/strong> per ottenere acqua calda in pochi istanti.<\/p>\n<\/li>\n<li class=\"\" data-start=\"3411\" data-end=\"3512\">\n<p class=\"\" data-start=\"3413\" data-end=\"3512\"><strong data-start=\"3413\" data-end=\"3466\">Coibentazione interna in neoprene ad alta densit\u00e0<\/strong> per isolamento termico e acustico ottimale.<\/p>\n<\/li>\n<li class=\"\" data-start=\"3513\" data-end=\"3619\">\n<p class=\"\" data-start=\"3515\" data-end=\"3619\"><strong data-start=\"3515\" data-end=\"3537\">Sicurezza avanzata<\/strong> con sistema anti-allagamento, elettrovalvola di sicurezza e sensore di umidit\u00e0.<\/p>\n<\/li>\n<\/ul>\n<h3 class=\"\" data-start=\"3621\" data-end=\"3669\"><strong data-start=\"3625\" data-end=\"3667\">Un\u2019Installazione Facile e Intelligente<\/strong><\/h3>\n<p class=\"\" data-start=\"3671\" data-end=\"3753\">OMDE 8000 \u00e8 progettato per essere installato con facilit\u00e0 in qualsiasi ambiente.<\/p>\n<ul data-start=\"3754\" data-end=\"3957\">\n<li class=\"\" data-start=\"3754\" data-end=\"3806\">\n<p class=\"\" data-start=\"3756\" data-end=\"3806\"><strong data-start=\"3756\" data-end=\"3778\">Collegamento acqua<\/strong> con attacco 3\/8\u201d femmina.<\/p>\n<\/li>\n<li class=\"\" data-start=\"3807\" data-end=\"3865\">\n<p class=\"\" data-start=\"3809\" data-end=\"3865\"><strong data-start=\"3809\" data-end=\"3836\">Alimentazione elettrica<\/strong> con presa Schuko 220-240V.<\/p>\n<\/li>\n<li class=\"\" data-start=\"3866\" data-end=\"3957\">\n<p class=\"\" data-start=\"3868\" data-end=\"3957\"><strong data-start=\"3868\" data-end=\"3901\">Cassetto con guide soft-close<\/strong> per un accesso pratico ai filtri e alla manutenzione.<\/p>\n<\/li>\n<\/ul>\n<h3 class=\"\" data-start=\"3959\" data-end=\"4020\"><strong data-start=\"3963\" data-end=\"4018\">OMDE 8000 60 ACWGH BLACK \u2013 Il Depuratore Definitivo<\/strong><\/h3>\n<p class=\"\" data-start=\"4022\" data-end=\"4337\">Se cerchi il <strong data-start=\"4035\" data-end=\"4077\">miglior depuratore d\u2019acqua sul mercato<\/strong>, OMDE 8000 60 ACWGH BLACK \u00e8 la scelta perfetta. Unisce tecnologia avanzata, design impeccabile e prestazioni professionali per un\u2019esperienza senza pari. <strong data-start=\"4231\" data-end=\"4335\">Non si tratta solo di bere acqua, ma di godere del massimo in termini di qualit\u00e0, sicurezza e stile.<\/strong><\/p>\n<p class=\"\" data-start=\"4339\" data-end=\"4406\">Con OMDE 8000, l\u2019acqua diventa un piacere esclusivo, ogni giorno.<\/p>\n","protected":false},"featured_media":3864,"comment_status":"closed","ping_status":"closed","template":"","meta":{"inline_featured_image":false},"product_brand":[],"product_cat":[101,109],"product_tag":[],"class_list":{"0":"post-4539","1":"product","2":"type-product","3":"status-publish","4":"has-post-thumbnail","6":"product_cat-omde-the-built-in-water-purifier","7":"product_cat-omde-serie-8000-en","9":"first","10":"instock","11":"taxable","12":"shipping-taxable","13":"purchasable","14":"product-type-simple"},"_links":{"self":[{"href":"https:\/\/proacquacasa.com\/en\/wp-json\/wp\/v2\/product\/4539","targetHints":{"allow":["GET"]}}],"collection":[{"href":"https:\/\/proacquacasa.com\/en\/wp-json\/wp\/v2\/product"}],"about":[{"href":"https:\/\/proacquacasa.com\/en\/wp-json\/wp\/v2\/types\/product"}],"replies":[{"embeddable":true,"href":"https:\/\/proacquacasa.com\/en\/wp-json\/wp\/v2\/comments?post=4539"}],"wp:featuredmedia":[{"embeddable":true,"href":"https:\/\/proacquacasa.com\/en\/wp-json\/wp\/v2\/media\/3864"}],"wp:attachment":[{"href":"https:\/\/proacquacasa.com\/en\/wp-json\/wp\/v2\/media?parent=4539"}],"wp:term":[{"taxonomy":"product_brand","embeddable":true,"href":"https:\/\/proacquacasa.com\/en\/wp-json\/wp\/v2\/product_brand?post=4539"},{"taxonomy":"product_cat","embeddable":true,"href":"https:\/\/proacquacasa.com\/en\/wp-json\/wp\/v2\/product_cat?post=4539"},{"taxonomy":"product_tag","embeddable":true,"href":"https:\/\/proacquacasa.com\/en\/wp-json\/wp\/v2\/product_tag?post=4539"}],"curies":[{"name":"wp","href":"https:\/\/api.w.org\/{rel}","templated":true}]}}