{"id":5845,"date":"2026-03-02T10:56:03","date_gmt":"2026-03-02T10:56:03","guid":{"rendered":"https:\/\/proacquacasa.com\/tappo-bottiglia-proacqua\/"},"modified":"2026-03-02T11:04:08","modified_gmt":"2026-03-02T11:04:08","slug":"tappo-bottiglia-proacqua","status":"publish","type":"product","link":"https:\/\/proacquacasa.com\/de\/tappo-bottiglia-proacqua\/","title":{"rendered":"PROACQUA FLASCHENDECKEL"},"content":{"rendered":"<p>PROACQUA FLASCHENDECKEL<\/p>\n<p>Hochwertiger, komplett aus Aluminium gefertigter Verschluss, speziell f\u00fcr die 0,75\u202fL ProAcqua-Glasflasche entwickelt. Sorgt f\u00fcr einen sicheren, auslaufsicheren Verschluss und beh\u00e4lt dabei ein elegantes, minimalistisches Design bei. Ideal f\u00fcr nachhaltige Nutzung zu Hause, in Restaurants oder bei Veranstaltungen.<\/p>\n","protected":false},"excerpt":{"rendered":"<p>PROACQUA FLASCHENDECKEL Hochwertiger, komplett aus Aluminium gefertigter Verschluss, speziell f\u00fcr die 0,75\u202fL ProAcqua-Glasflasche entwickelt. Sorgt f\u00fcr einen sicheren, auslaufsicheren Verschluss und beh\u00e4lt dabei ein elegantes, minimalistisches Design bei. Ideal f\u00fcr&#8230;<\/p>\n","protected":false},"featured_media":5877,"comment_status":"closed","ping_status":"closed","template":"","meta":{"inline_featured_image":false},"product_brand":[],"product_cat":[132],"product_tag":[],"class_list":{"0":"post-5845","1":"product","2":"type-product","3":"status-publish","4":"has-post-thumbnail","6":"product_cat-ersatzteile-und-zubehoer","8":"first","9":"instock","10":"taxable","11":"shipping-taxable","12":"purchasable","13":"product-type-simple"},"_links":{"self":[{"href":"https:\/\/proacquacasa.com\/de\/wp-json\/wp\/v2\/product\/5845","targetHints":{"allow":["GET"]}}],"collection":[{"href":"https:\/\/proacquacasa.com\/de\/wp-json\/wp\/v2\/product"}],"about":[{"href":"https:\/\/proacquacasa.com\/de\/wp-json\/wp\/v2\/types\/product"}],"replies":[{"embeddable":true,"href":"https:\/\/proacquacasa.com\/de\/wp-json\/wp\/v2\/comments?post=5845"}],"wp:featuredmedia":[{"embeddable":true,"href":"https:\/\/proacquacasa.com\/de\/wp-json\/wp\/v2\/media\/5877"}],"wp:attachment":[{"href":"https:\/\/proacquacasa.com\/de\/wp-json\/wp\/v2\/media?parent=5845"}],"wp:term":[{"taxonomy":"product_brand","embeddable":true,"href":"https:\/\/proacquacasa.com\/de\/wp-json\/wp\/v2\/product_brand?post=5845"},{"taxonomy":"product_cat","embeddable":true,"href":"https:\/\/proacquacasa.com\/de\/wp-json\/wp\/v2\/product_cat?post=5845"},{"taxonomy":"product_tag","embeddable":true,"href":"https:\/\/proacquacasa.com\/de\/wp-json\/wp\/v2\/product_tag?post=5845"}],"curies":[{"name":"wp","href":"https:\/\/api.w.org\/{rel}","templated":true}]}}