{"id":4561,"date":"2025-01-23T16:01:54","date_gmt":"2025-01-23T16:01:54","guid":{"rendered":"https:\/\/proacquacasa.com\/serie-6000-60-acwg-full-glass-black\/"},"modified":"2025-05-07T11:49:08","modified_gmt":"2025-05-07T11:49:08","slug":"serie-6000-hoehe-60-cm-raumtemperatur-kalt-und-sprudelnd-full-glass-schwarz-finish","status":"publish","type":"product","link":"https:\/\/proacquacasa.com\/de\/serie-6000-hoehe-60-cm-raumtemperatur-kalt-und-sprudelnd-full-glass-schwarz-finish\/","title":{"rendered":"SERIE 6000 H\u00d6HE 60 cm RAUMTEMPERATUR, KALT UND SPRUDELND FULL GLASS SCHWARZ-FINISH"},"content":{"rendered":"<p class=\"\" data-start=\"173\" data-end=\"580\">OMDE Serie 6000 60 ACWG Full Glass Black stellt die Spitzenklasse im Bereich der mikrofiltrierten Wasseraufbereiter dar und verbindet ein anspruchsvolles Design mit modernster Technologie. Entwickelt f\u00fcr diejenigen, die ein perfektes Gleichgewicht zwischen \u00c4sthetik und Funktionalit\u00e4t suchen, integriert sich dieses System harmonisch in luxuri\u00f6se Umgebungen wie moderne K\u00fcchen, exklusive B\u00fcros, renommierte Suiten und elegante Fr\u00fchst\u00fccksr\u00e4ume.<\/p>\n<h3 class=\"\" data-start=\"582\" data-end=\"636\"><strong data-start=\"586\" data-end=\"634\">Exklusives Design und hochwertige Materialien<\/strong><\/h3>\n<p class=\"\" data-start=\"638\" data-end=\"1063\">Die Serie 6000 Full Glass Black zeichnet sich durch ihren raffinierten und minimalistischen Stil aus. Die Frontverkleidung aus <strong data-start=\"748\" data-end=\"766\">schwarzem Glas<\/strong> verleiht ein elegantes und anspruchsvolles Aussehen, w\u00e4hrend die Struktur aus <strong data-start=\"834\" data-end=\"886\">pulverbeschichtetem Edelstahl 304 in Schwarz matt<\/strong> f\u00fcr Stabilit\u00e4t und Langlebigkeit sorgt. Der Ausgabebereich aus <strong data-start=\"968\" data-end=\"988\">Edelstahl 304<\/strong> gew\u00e4hrleistet Hygiene und Haltbarkeit.<\/p>\n<h3 class=\"\" data-start=\"1065\" data-end=\"1096\"><strong data-start=\"1069\" data-end=\"1094\">Abmessungen und Kapazit\u00e4t<\/strong><\/h3>\n<p class=\"\" data-start=\"1098\" data-end=\"1275\">Mit Abmessungen von <strong data-start=\"1116\" data-end=\"1144\">598 mm x 520 mm x 598 mm<\/strong> und einer Ausgabebereichsh\u00f6he von <strong data-start=\"1184\" data-end=\"1194\">350 mm<\/strong> bietet die OMDE 6000 60 Full Glass Black eine beeindruckende Leistung:<\/p>\n<ul data-start=\"1276\" data-end=\"1419\">\n<li class=\"\" data-start=\"1276\" data-end=\"1334\">\n<p class=\"\" data-start=\"1278\" data-end=\"1334\"><strong data-start=\"1278\" data-end=\"1294\">60 Liter\/Stunde<\/strong> Wasser bei Raumtemperatur,<\/p>\n<\/li>\n<li class=\"\" data-start=\"1335\" data-end=\"1377\">\n<p class=\"\" data-start=\"1337\" data-end=\"1377\"><strong data-start=\"1337\" data-end=\"1353\">15 Liter\/Stunde<\/strong> kaltes Wasser.<\/p>\n<\/li>\n<\/ul>\n<h3 class=\"\" data-start=\"1421\" data-end=\"1476\"><strong data-start=\"1425\" data-end=\"1474\">Erweiterte Funktionen f\u00fcr ein einzigartiges Erlebnis<\/strong><\/h3>\n<p>Dank modernster Technologien bietet die OMDE Serie 6000 60 Full Glass Black eine vielseitige und stets optimale Wasserausgabe:<\/p>\n<ul>\n<li><strong data-start=\"1614\" data-end=\"1646\">Wasser bei Raumtemperatur<\/strong> f\u00fcr nat\u00fcrlichen Genuss.<\/li>\n<li><strong data-start=\"1677\" data-end=\"1693\">Kaltes Wasser<\/strong> f\u00fcr eine erfrischende Pause.<\/li>\n<li><strong data-start=\"1747\" data-end=\"1766\">Sprudelwasser<\/strong> f\u00fcr leicht prickelndes Wasser.<\/li>\n<\/ul>\n<p class=\"\" data-start=\"1896\" data-end=\"2238\">Die <strong data-start=\"1906\" data-end=\"1933\">kapazitiven Touchscreen-Bedienelemente<\/strong> bieten eine intuitive Benutzeroberfl\u00e4che. Ein Filterwechselalarm mit Leuchtanzeige nach <strong data-start=\"2052\" data-end=\"2075\">12 Monaten Nutzung<\/strong> erleichtert die Wartung. Die <strong data-start=\"2105\" data-end=\"2133\">wei\u00dfe LED-Beleuchtung<\/strong> im Ausgabebereich verbessert die Sichtbarkeit.<\/p>\n<h3 class=\"\" data-start=\"2240\" data-end=\"2277\"><strong data-start=\"2244\" data-end=\"2275\">Maximale Effizienz und Hygiene<\/strong><\/h3>\n<p class=\"\" data-start=\"2279\" data-end=\"2565\">Die OMDE Serie 6000 60 Full Glass Black ist auf maximale Hygiene und Leistung ausgelegt:<\/p>\n<ul>\n<li><strong data-start=\"2391\" data-end=\"2444\">Innere D\u00e4mmung aus hochdichtem Neopren<\/strong> f\u00fcr hervorragende Isolierung.<\/li>\n<li><strong data-start=\"2500\" data-end=\"2527\">UV-LED-Entkeimer<\/strong> f\u00fcr stets reines Wasser.<\/li>\n<\/ul>\n<h3 class=\"\" data-start=\"2567\" data-end=\"2605\"><strong data-start=\"2571\" data-end=\"2603\">Installation und Anschl\u00fcsse<\/strong><\/h3>\n<p class=\"\" data-start=\"2607\" data-end=\"2884\">Die Installation ist einfach:<\/p>\n<ul>\n<li><strong data-start=\"2691\" data-end=\"2710\">Wassereingang:<\/strong> Hahnanschluss <strong data-start=\"2733\" data-end=\"2749\">3\/8\u201d Innengewinde<\/strong>, Mindestdruck <strong data-start=\"2768\" data-end=\"2779\">2,5 bar<\/strong>.<\/li>\n<li><strong data-start=\"2786\" data-end=\"2814\">Stromversorgung:<\/strong> <strong data-start=\"2824\" data-end=\"2850\">220-240 Volt \/ 1-50 Hz<\/strong>, Standard-Schuko-Steckdose.<\/li>\n<\/ul>\n<p class=\"\" data-start=\"2984\" data-end=\"3357\">Mehr als nur ein Wasseraufbereiter: <strong data-start=\"3015\" data-end=\"3054\">OMDE Serie 6000 60 Full Glass Black<\/strong> ist ein echtes Einrichtungselement, das \u00c4sthetik und Funktionalit\u00e4t kombiniert.<\/p>\n","protected":false},"excerpt":{"rendered":"<p>OMDE SERIE 6000 HA UN DESIGN MODERNO ED ELEGANTE, TOTALMENTE IN CRISTALLO COMUNICA PREZZIOSITA&#8216; DEI MATERIALI E QUALITA&#8216; COSTRUTTIVA<\/p>\n","protected":false},"featured_media":3847,"comment_status":"closed","ping_status":"closed","template":"","meta":{"inline_featured_image":false},"product_brand":[],"product_cat":[100,106],"product_tag":[],"class_list":{"0":"post-4561","1":"product","2":"type-product","3":"status-publish","4":"has-post-thumbnail","6":"product_cat-omde-der-einbau-wasseraufbereiter","7":"product_cat-omde-serie-6000","9":"first","10":"instock","11":"taxable","12":"shipping-taxable","13":"purchasable","14":"product-type-simple"},"_links":{"self":[{"href":"https:\/\/proacquacasa.com\/de\/wp-json\/wp\/v2\/product\/4561","targetHints":{"allow":["GET"]}}],"collection":[{"href":"https:\/\/proacquacasa.com\/de\/wp-json\/wp\/v2\/product"}],"about":[{"href":"https:\/\/proacquacasa.com\/de\/wp-json\/wp\/v2\/types\/product"}],"replies":[{"embeddable":true,"href":"https:\/\/proacquacasa.com\/de\/wp-json\/wp\/v2\/comments?post=4561"}],"wp:featuredmedia":[{"embeddable":true,"href":"https:\/\/proacquacasa.com\/de\/wp-json\/wp\/v2\/media\/3847"}],"wp:attachment":[{"href":"https:\/\/proacquacasa.com\/de\/wp-json\/wp\/v2\/media?parent=4561"}],"wp:term":[{"taxonomy":"product_brand","embeddable":true,"href":"https:\/\/proacquacasa.com\/de\/wp-json\/wp\/v2\/product_brand?post=4561"},{"taxonomy":"product_cat","embeddable":true,"href":"https:\/\/proacquacasa.com\/de\/wp-json\/wp\/v2\/product_cat?post=4561"},{"taxonomy":"product_tag","embeddable":true,"href":"https:\/\/proacquacasa.com\/de\/wp-json\/wp\/v2\/product_tag?post=4561"}],"curies":[{"name":"wp","href":"https:\/\/api.w.org\/{rel}","templated":true}]}}