{"id":4553,"date":"2025-01-23T15:55:33","date_gmt":"2025-01-23T15:55:33","guid":{"rendered":"https:\/\/proacquacasa.com\/serie-6000-60-acwgh-full-glass-inox\/"},"modified":"2025-05-07T11:34:43","modified_gmt":"2025-05-07T11:34:43","slug":"serie-6000-hoehe-60-cm-raumtemperatur-kalt-sprudelnd-und-heiss-full-glass-edelstahl-finish","status":"publish","type":"product","link":"https:\/\/proacquacasa.com\/de\/serie-6000-hoehe-60-cm-raumtemperatur-kalt-sprudelnd-und-heiss-full-glass-edelstahl-finish\/","title":{"rendered":"SERIE 6000 H\u00d6HE 60 cm RAUMTEMPERATUR, KALT, SPRUDELND UND HEISS FULL GLASS EDELSTAHL-FINISH"},"content":{"rendered":"<p class=\"\" data-start=\"0\" data-end=\"453\"><strong data-start=\"3\" data-end=\"44\">OMDE Serie 6000 ACWGH Full Glass Inox<\/strong> stellt den H\u00f6hepunkt der Innovation im Bereich der mikrofiltrierten Wasseraufbereiter dar und vereint anspruchsvolles Design mit au\u00dfergew\u00f6hnlicher Leistung. Dieses Modell wurde entwickelt, um den Bed\u00fcrfnissen derjenigen gerecht zu werden, die ein perfektes Gleichgewicht zwischen \u00c4sthetik und Funktionalit\u00e4t suchen. Es ist ideal f\u00fcr moderne und luxuri\u00f6se Umgebungen wie zeitgem\u00e4\u00dfe K\u00fcchen, prestigetr\u00e4chtige B\u00fcros, exklusive Suiten und elegante Fr\u00fchst\u00fccksr\u00e4ume.<\/p>\n<p class=\"\" data-start=\"455\" data-end=\"487\"><strong data-start=\"455\" data-end=\"487\">Design und hochwertige Materialien<\/strong><\/p>\n<p class=\"\" data-start=\"489\" data-end=\"1112\">Die Serie 6000 zeichnet sich durch die Eleganz ihres Designs aus, das durch klare Linien und hochwertige Materialien gepr\u00e4gt ist. Die dominierende Glasoberfl\u00e4che an der Vorderseite verleiht dem Produkt ein edles Aussehen und eine visuelle Leichtigkeit, w\u00e4hrend Edelstahl 304 Robustheit und Langlebigkeit gew\u00e4hrleistet. Der Ausgabebereich, ebenfalls aus Edelstahl 304, sorgt f\u00fcr Hygiene und Best\u00e4ndigkeit im Laufe der Zeit.<\/p>\n<p class=\"\" data-start=\"1114\" data-end=\"1139\"><strong data-start=\"1114\" data-end=\"1139\">Abmessungen und Kapazit\u00e4t<\/strong><\/p>\n<p class=\"\" data-start=\"1316\" data-end=\"1421\">Die Abmessungen betragen 598 mm x 520 mm x 598 mm, mit einer Ausgabebereichsh\u00f6he von 350 mm.<\/p>\n<p class=\"\" data-start=\"1316\" data-end=\"1421\">OMDE 6000 60 bietet eine Ausgabekapazit\u00e4t von bis zu 60 Litern\/Stunde, mit einer K\u00fchlleistung von 15 Litern\/Stunde und einer Heizleistung von 10 Litern\/Stunde, wodurch ein konstanter Wasserfluss bei der gew\u00fcnschten Temperatur gew\u00e4hrleistet wird.<\/p>\n<p class=\"\" data-start=\"1669\" data-end=\"1694\"><strong data-start=\"1669\" data-end=\"1694\">Erweiterte Funktionen<\/strong><\/p>\n<p class=\"\" data-start=\"1696\" data-end=\"1764\">Dieser Wasseraufbereiter bietet eine vollst\u00e4ndige Auswahl an Ausgabem\u00f6glichkeiten:<\/p>\n<ul data-start=\"1766\" data-end=\"2054\">\n<li class=\"\" data-start=\"1766\" data-end=\"1833\">\n<p class=\"\" data-start=\"1768\" data-end=\"1833\"><strong data-start=\"1768\" data-end=\"1800\">Wasser bei Raumtemperatur<\/strong>: ideal f\u00fcr den nat\u00fcrlichen Genuss.<\/p>\n<\/li>\n<li class=\"\" data-start=\"1835\" data-end=\"1902\">\n<p class=\"\" data-start=\"1837\" data-end=\"1902\"><strong data-start=\"1837\" data-end=\"1853\">Kaltes Wasser<\/strong>: perfekt f\u00fcr eine erfrischende Pause zu jeder Zeit.<\/p>\n<\/li>\n<li class=\"\" data-start=\"1904\" data-end=\"1970\">\n<p class=\"\" data-start=\"1906\" data-end=\"1970\"><strong data-start=\"33\" data-end=\"52\">Sprudelwasser<\/strong>: f\u00fcr diejenigen, die ein leicht prickelndes Wasser mit einem Hauch von Frische suchen.<\/p>\n<\/li>\n<li class=\"\" data-start=\"1972\" data-end=\"2054\">\n<p class=\"\" data-start=\"1974\" data-end=\"2054\"><strong data-start=\"1974\" data-end=\"1989\">Hei\u00dfes Wasser<\/strong>: ideal zur Zubereitung von Tee, Kr\u00e4utertees und anderen hei\u00dfen Getr\u00e4nken.<\/p>\n<\/li>\n<\/ul>\n<p class=\"\" data-start=\"2056\" data-end=\"2671\">Die kapazitiven Touchscreen-Bedienelemente bieten eine intuitive und moderne Benutzeroberfl\u00e4che, w\u00e4hrend der Filterwechselalarm, der nach 12 Monaten durch ein Leuchtsymbol angezeigt wird, eine einfache und rechtzeitige Wartung gew\u00e4hrleistet. Die wei\u00dfe LED-Beleuchtung im Ausgabebereich w\u00e4hrend der Ausgabe verleiht nicht nur einen \u00e4sthetischen Touch, sondern erleichtert auch die Nutzung bei schwacher Beleuchtung. Die innere D\u00e4mmung aus hochdichtem Neopren sorgt f\u00fcr hervorragende thermische und akustische Isolierung, w\u00e4hrend der antibakterielle Schutz mit UV-LED-Entkeimer maximale Wasserhygiene gew\u00e4hrleistet.<\/p>\n<p class=\"\" data-start=\"2673\" data-end=\"2705\"><strong data-start=\"2673\" data-end=\"2705\">Installation und Anschl\u00fcsse<\/strong><\/p>\n<p class=\"\" data-start=\"2707\" data-end=\"3048\">Die Installation der OMDE Serie 6000 wurde f\u00fcr einfache und vielseitige Anwendungen konzipiert. Ein Wasserhahn mit 3\/8\u201d Innengewindeanschluss und ein Mindestdruck von 2,5 bar werden f\u00fcr den Wassereingang ben\u00f6tigt. F\u00fcr die Stromversorgung ben\u00f6tigt das Ger\u00e4t eine Spannung von 220-240 Volt \/ 1-50 Hz und eine Standard-Schuko-Steckdose.<\/p>\n<p class=\"\" data-start=\"3067\" data-end=\"3424\">OMDE Serie 6000 ACWGH Full Glass Inox ist nicht nur ein Wasseraufbereiter, sondern ein echtes Designelement, das den Raum, in dem es installiert ist, bereichert. Die Kombination aus hochwertigen Materialien, erweiterten Funktionen und raffinierter \u00c4sthetik macht es zur idealen Wahl f\u00fcr alle, die das Beste in Bezug auf Wasserqualit\u00e4t und zeitgen\u00f6ssisches Design suchen.<\/p>\n","protected":false},"excerpt":{"rendered":"<p>OMDE SERIE 6000 HA UN DESIGN MODERNO ED ELEGANTE, TOTALMENTE IN CRISTALLO COMUNICA PREZZIOSITA&#8216; DEI MATERIALI E QUALITA&#8216; COSTRUTTIVA<\/p>\n","protected":false},"featured_media":3851,"comment_status":"closed","ping_status":"closed","template":"","meta":{"inline_featured_image":false},"product_brand":[],"product_cat":[100,106],"product_tag":[],"class_list":{"0":"post-4553","1":"product","2":"type-product","3":"status-publish","4":"has-post-thumbnail","6":"product_cat-omde-der-einbau-wasseraufbereiter","7":"product_cat-omde-serie-6000","9":"first","10":"instock","11":"taxable","12":"shipping-taxable","13":"purchasable","14":"product-type-simple"},"_links":{"self":[{"href":"https:\/\/proacquacasa.com\/de\/wp-json\/wp\/v2\/product\/4553","targetHints":{"allow":["GET"]}}],"collection":[{"href":"https:\/\/proacquacasa.com\/de\/wp-json\/wp\/v2\/product"}],"about":[{"href":"https:\/\/proacquacasa.com\/de\/wp-json\/wp\/v2\/types\/product"}],"replies":[{"embeddable":true,"href":"https:\/\/proacquacasa.com\/de\/wp-json\/wp\/v2\/comments?post=4553"}],"wp:featuredmedia":[{"embeddable":true,"href":"https:\/\/proacquacasa.com\/de\/wp-json\/wp\/v2\/media\/3851"}],"wp:attachment":[{"href":"https:\/\/proacquacasa.com\/de\/wp-json\/wp\/v2\/media?parent=4553"}],"wp:term":[{"taxonomy":"product_brand","embeddable":true,"href":"https:\/\/proacquacasa.com\/de\/wp-json\/wp\/v2\/product_brand?post=4553"},{"taxonomy":"product_cat","embeddable":true,"href":"https:\/\/proacquacasa.com\/de\/wp-json\/wp\/v2\/product_cat?post=4553"},{"taxonomy":"product_tag","embeddable":true,"href":"https:\/\/proacquacasa.com\/de\/wp-json\/wp\/v2\/product_tag?post=4553"}],"curies":[{"name":"wp","href":"https:\/\/api.w.org\/{rel}","templated":true}]}}