{"id":4533,"date":"2025-01-23T16:13:58","date_gmt":"2025-01-23T16:13:58","guid":{"rendered":"https:\/\/proacquacasa.com\/serie-8000-60-acwgh-inox\/"},"modified":"2026-05-04T13:44:31","modified_gmt":"2026-05-04T13:44:31","slug":"serie-8000-hoehe-60-cm-raumtemperatur-kalt-sprudelnd-und-heiss-edelstahl-ausfuehrung","status":"publish","type":"product","link":"https:\/\/proacquacasa.com\/de\/serie-8000-hoehe-60-cm-raumtemperatur-kalt-sprudelnd-und-heiss-edelstahl-ausfuehrung\/","title":{"rendered":"SERIE 8000 H\u00d6HE 60 cm RAUMTEMPERATUR, KALT, SPRUDELND UND HEISS EDELSTAHL-AUSF\u00dcHRUNG"},"content":{"rendered":"<article class=\"w-full text-token-text-primary\" dir=\"auto\" data-testid=\"conversation-turn-8\" data-scroll-anchor=\"true\">\n<div class=\"text-base my-auto mx-auto py-5 px-6\">\n<div class=\"mx-auto flex flex-1 text-base gap-4 md:gap-5 lg:gap-6 md:max-w-3xl group\/turn-messages focus-visible:outline-none\" tabindex=\"-1\">\n<div class=\"group\/conversation-turn relative flex w-full min-w-0 flex-col agent-turn @xs\/thread:px-0 @sm\/thread:px-1.5 @md\/thread:px-4\">\n<div class=\"relative flex-col gap-1 md:gap-3\">\n<div class=\"flex max-w-full flex-col flex-grow\">\n<div class=\"min-h-8 text-message relative flex w-full flex-col items-end gap-2 whitespace-normal break-words text-start [.text-message+&amp;]:mt-5\" dir=\"auto\" data-message-author-role=\"assistant\" data-message-id=\"9a992df0-0e23-4248-8aa1-aaf45d1fc928\" data-message-model-slug=\"gpt-4o\">\n<div class=\"flex w-full flex-col gap-1 empty:hidden first:pt-[3px]\">\n<div class=\"markdown prose w-full break-words dark:prose-invert light\">\n<p>&nbsp;<\/p>\n<\/div>\n<\/div>\n<\/div>\n<\/div>\n<div class=\"flex justify-start\">\n<div class=\"-me-1 -ms-2.5 flex select-none items-center p-1 touch:-me-2 touch:-ms-3.5 -mt-1 duration-[1.5s] focus-within:transition-none hover:transition-none pointer-events-none [mask-image:linear-gradient(to_right,black_33%,transparent_66%)] [mask-position:100%_0%] [mask-size:300%_100%] motion-safe:transition-[mask-position] group-hover\/turn-messages:pointer-events-auto group-hover\/turn-messages:[mask-position:0_0] group-focus-within\/turn-messages:pointer-events-auto group-focus-within\/turn-messages:[mask-position:0_0] has-[[data-state=open]]:pointer-events-auto has-[[data-state=open]]:[mask-position:0_0]\"><\/div>\n<\/div>\n<div class=\"mt-3 w-full empty:hidden\">\n<div class=\"text-center\"><\/div>\n<\/div>\n<\/div>\n<div class=\"absolute\">\n<div class=\"flex items-center justify-center\"><\/div>\n<\/div>\n<\/div>\n<\/div>\n<\/div>\n<\/article>\n<div class=\"pointer-events-none h-px w-px\" aria-hidden=\"true\" data-edge=\"true\"><\/div>\n","protected":false},"excerpt":{"rendered":"<p data-start=\"72\" data-end=\"683\">Der <strong data-start=\"76\" data-end=\"103\">OMDE 8000 60 ACWGH INOX<\/strong> stellt die neueste Evolution in der Wasseraufbereitung dar und vereint modernste Technologie, hochwertige Materialien und zeitloses Design. Es handelt sich nicht nur um einen Wasseraufbereiter, sondern um ein echtes Statement-Produkt, geschaffen f\u00fcr alle, die h\u00f6chste Anspr\u00fcche an Qualit\u00e4t, Hygiene und Stil stellen. Die Serie 8000 verk\u00f6rpert den H\u00f6hepunkt von Forschung und Innovation und bietet eine L\u00f6sung, die weit \u00fcber die einfache Wasserausgabe hinausgeht: ein luxuri\u00f6ses Erlebnis, h\u00f6chste Detailgenauigkeit und eine perfekte Balance zwischen Funktionalit\u00e4t und Raffinesse.<\/p>\n<hr data-start=\"685\" data-end=\"688\" \/>\n<h2 data-section-id=\"g9rx6d\" data-start=\"690\" data-end=\"740\"><span role=\"text\"><strong data-start=\"693\" data-end=\"740\">\u00dcberlegene Filtration f\u00fcr makelloses Wasser<\/strong><\/span><\/h2>\n<p data-start=\"742\" data-end=\"1324\">Die Wasserqualit\u00e4t war noch nie so hoch. Der OMDE 8000 ist mit zwei Filterkartuschen ausgestattet, die Wasser liefern, das nicht nur sicher, sondern auch geschmacklich au\u00dfergew\u00f6hnlich ist. Die erste Kartusche aus nat\u00fcrlicher Aktivkohle entfernt Verunreinigungen, Ger\u00fcche und unerw\u00fcnschte Geschmacksstoffe und sorgt f\u00fcr reines, kristallklares Wasser. Die zweite Kartusche mit Nanofiltrationstechnologie von 0,01 Mikron ist in der Lage, selbst kleinste Partikel wie Mikroplastik, Endotoxine und Viren zur\u00fcckzuhalten und bietet damit ein Schutzniveau, das nur wenige Systeme erreichen.<\/p>\n<p data-start=\"1326\" data-end=\"1618\">Doch die Sicherheit geht noch weiter. Dank innovativer UV-LED-Technologie wird das Wasser vor jeder Form von R\u00fcckkontamination gesch\u00fctzt \u2013 ohne die f\u00fcr herk\u00f6mmliche UV-Lampen typischen \u00dcberhitzungsrisiken. Das garantiert kompromisslose Hygiene und jederzeit frisches, unverunreinigtes Wasser.<\/p>\n<hr data-start=\"1620\" data-end=\"1623\" \/>\n<h2 data-section-id=\"ii57\" data-start=\"1625\" data-end=\"1670\"><span role=\"text\"><strong data-start=\"1628\" data-end=\"1670\">Ein unvergleichliches Nutzungserlebnis<\/strong><\/span><\/h2>\n<p data-start=\"1672\" data-end=\"2153\">Der OMDE 8000 ist nicht nur ein Meisterwerk der Technik, sondern auch ein Ger\u00e4t, das f\u00fcr eine intuitive und elegante Benutzererfahrung entwickelt wurde. Im Zentrum steht ein edler Wahlschalter aus eloxiertem Aluminium, der nicht nur optisch \u00fcberzeugt, sondern auch eine pr\u00e4zise Auswahl der gew\u00fcnschten Wasserart erm\u00f6glicht. F\u00fcr Individualisten stehen zahlreiche Optionen zur Verf\u00fcgung: Wasser bei Raumtemperatur, gek\u00fchlt, kalt, still, sprudelnd, leicht sprudelnd, lauwarm und hei\u00df.<\/p>\n<p data-start=\"2155\" data-end=\"2587\">Doch der OMDE 8000 geht noch einen Schritt weiter. Dank eines innovativen Hochdruck-CO\u2082-Jetsystems k\u00f6nnen Gl\u00e4ser und Flaschen vor der Nutzung gereinigt und gek\u00fchlt werden \u2013 ein Detail, das jeden Schluck zu einem besonderen Erlebnis macht. Die elegante wei\u00dfe LED-Beleuchtung im Ausgabebereich sorgt f\u00fcr zus\u00e4tzliche Exklusivit\u00e4t, w\u00e4hrend die direkt im Display angezeigte Filterwechselanzeige eine stets einfache Wartung gew\u00e4hrleistet.<\/p>\n<hr data-start=\"2589\" data-end=\"2592\" \/>\n<h2 data-section-id=\"2s8tq9\" data-start=\"2594\" data-end=\"2636\"><span role=\"text\"><strong data-start=\"2597\" data-end=\"2636\">Hochwertiges Design und Materialien<\/strong><\/span><\/h2>\n<p data-start=\"2638\" data-end=\"3036\">\u00dcber den OMDE 8000 zu sprechen, bedeutet auch, seine au\u00dfergew\u00f6hnliche \u00c4sthetik hervorzuheben. Jedes Detail wurde entwickelt, um Luxus und Eleganz zu unterstreichen \u2013 perfekt f\u00fcr moderne K\u00fcchen, exklusive B\u00fcros und hochwertige Suiten. Die Front aus Kristall verleiht dem Ger\u00e4t eine zeitlose und edle Optik, w\u00e4hrend der Ausgabebereich aus Edelstahl AISI 304 f\u00fcr Langlebigkeit und Best\u00e4ndigkeit sorgt.<\/p>\n<p data-start=\"3038\" data-end=\"3330\">Auch die Struktur \u00fcberzeugt: vollst\u00e4ndig aus Edelstahl AISI 304 gefertigt, f\u00fcgt sie sich nahtlos in jede Umgebung ein. Die Materialwahl ist nicht nur \u00e4sthetisch, sondern auch funktional \u2013 jede Komponente wurde ausgew\u00e4hlt, um maximale Haltbarkeit, Hygiene und perfekte Leistung zu garantieren.<\/p>\n<hr data-start=\"3332\" data-end=\"3335\" \/>\n<h2 data-section-id=\"tmxt3\" data-start=\"3337\" data-end=\"3379\"><span role=\"text\"><strong data-start=\"3340\" data-end=\"3379\">Leistung auf professionellem Niveau<\/strong><\/span><\/h2>\n<p data-start=\"3381\" data-end=\"3792\">Der OMDE 8000 ist nicht nur elegant, sondern auch \u00e4u\u00dferst leistungsstark. Mit einer Kapazit\u00e4t von 60 Litern pro Stunde erf\u00fcllt er selbst h\u00f6chste Anforderungen und gew\u00e4hrleistet jederzeit eine schnelle und konstante Wasserabgabe. Das professionelle K\u00fchlsystem mit umweltfreundlichem, FCKW-freiem Gas sorgt f\u00fcr Wasser in perfekter Temperatur, w\u00e4hrend das Heizsystem in wenigen Sekunden hei\u00dfes Wasser bereitstellt.<\/p>\n<p data-start=\"3794\" data-end=\"4151\">Die Liebe zum Detail zeigt sich auch in der internen Isolierung aus hochdichtem Neopren, die eine optimale thermische und akustische Leistung gew\u00e4hrleistet. Sicherheit steht dabei stets an erster Stelle \u2013 dank des Anti-\u00dcberflutungssystems mit Sicherheits-Magnetventil und Feuchtigkeitssensor, das jegliche Risiken im Zusammenhang mit Wasserdruck verhindert.<\/p>\n<hr data-start=\"4153\" data-end=\"4156\" \/>\n<h2 data-section-id=\"gw7kgf\" data-start=\"4158\" data-end=\"4203\"><span role=\"text\"><strong data-start=\"4161\" data-end=\"4203\">Einfache und intelligente Installation<\/strong><\/span><\/h2>\n<p data-start=\"4205\" data-end=\"4616\">Der OMDE 8000 wurde so konzipiert, dass er sich m\u00fchelos in jede Umgebung integrieren l\u00e4sst. Der Wasseranschluss erfolgt \u00fcber einen einfachen 3\/8\u201d-Innengewindeanschluss, w\u00e4hrend die Stromversorgung \u00fcber eine Standard-Schuko-Steckdose (220\u2013240 V) erfolgt. Die ausziehbare Halterung mit Soft-Close-Schublade sorgt f\u00fcr zus\u00e4tzlichen Komfort und erm\u00f6glicht einen schnellen und einfachen Zugang zu Filtern und Wartung.<\/p>\n<hr data-start=\"4618\" data-end=\"4621\" \/>\n<p data-start=\"4623\" data-end=\"5047\">Wenn Sie den besten Wasseraufbereiter auf dem Markt suchen, ist der <strong data-start=\"4691\" data-end=\"4718\">OMDE 8000 60 ACWGH INOX<\/strong> die ultimative Wahl. Er vereint fortschrittliche Technologie, perfektes Design und au\u00dfergew\u00f6hnliche Leistung zu einem unvergleichlichen Erlebnis. Es geht nicht nur darum, Wasser zu trinken \u2013 es geht darum, h\u00f6chste Qualit\u00e4t, Sicherheit und \u00c4sthetik zu genie\u00dfen und jeden Moment in ein Gef\u00fchl von purem Wohlbefinden zu verwandeln.<\/p>\n<p data-start=\"5049\" data-end=\"5116\">Mit dem OMDE 8000 wird Wasser jeden Tag zu einem exklusiven Genuss.<\/p>\n<hr data-start=\"5118\" data-end=\"5121\" \/>\n<p data-start=\"5123\" data-end=\"5241\"><strong data-start=\"5123\" data-end=\"5201\">Um das Wartungsheft f\u00fcr planm\u00e4\u00dfige Wartungen einzusehen, klicken Sie hier:<\/strong> <a href=\"https:\/\/proacquacasa.com\/wp-content\/uploads\/2025\/01\/TED-LIBRETTO-MANUTENZIONI-PROGRAMMATE.pdf\">Wartungsplanheft<\/a><\/p>\n<p data-start=\"5243\" data-end=\"5360\" data-is-last-node=\"\" data-is-only-node=\"\"><strong data-start=\"5243\" data-end=\"5322\">Um die Bedienungs- und Installationsanleitung einzusehen, klicken Sie hier: <a href=\"https:\/\/proacquacasa.com\/wp-content\/uploads\/2025\/01\/TED-INSTALLATIONS_UND_GEBRAUCHSANWEISUNGEN-OMDE.pdf\">Bedienungs- und Installationsanleitung<\/a><\/strong><\/p>\n","protected":false},"featured_media":3871,"comment_status":"closed","ping_status":"closed","template":"","meta":{"inline_featured_image":false},"product_brand":[],"product_cat":[100,108],"product_tag":[],"class_list":{"0":"post-4533","1":"product","2":"type-product","3":"status-publish","4":"has-post-thumbnail","6":"product_cat-omde-der-einbau-wasseraufbereiter","7":"product_cat-omde-serie-8000","9":"first","10":"instock","11":"taxable","12":"shipping-taxable","13":"purchasable","14":"product-type-simple"},"_links":{"self":[{"href":"https:\/\/proacquacasa.com\/de\/wp-json\/wp\/v2\/product\/4533","targetHints":{"allow":["GET"]}}],"collection":[{"href":"https:\/\/proacquacasa.com\/de\/wp-json\/wp\/v2\/product"}],"about":[{"href":"https:\/\/proacquacasa.com\/de\/wp-json\/wp\/v2\/types\/product"}],"replies":[{"embeddable":true,"href":"https:\/\/proacquacasa.com\/de\/wp-json\/wp\/v2\/comments?post=4533"}],"wp:featuredmedia":[{"embeddable":true,"href":"https:\/\/proacquacasa.com\/de\/wp-json\/wp\/v2\/media\/3871"}],"wp:attachment":[{"href":"https:\/\/proacquacasa.com\/de\/wp-json\/wp\/v2\/media?parent=4533"}],"wp:term":[{"taxonomy":"product_brand","embeddable":true,"href":"https:\/\/proacquacasa.com\/de\/wp-json\/wp\/v2\/product_brand?post=4533"},{"taxonomy":"product_cat","embeddable":true,"href":"https:\/\/proacquacasa.com\/de\/wp-json\/wp\/v2\/product_cat?post=4533"},{"taxonomy":"product_tag","embeddable":true,"href":"https:\/\/proacquacasa.com\/de\/wp-json\/wp\/v2\/product_tag?post=4533"}],"curies":[{"name":"wp","href":"https:\/\/api.w.org\/{rel}","templated":true}]}}