{"id":4529,"date":"2025-03-17T09:53:09","date_gmt":"2025-03-17T09:53:09","guid":{"rendered":"https:\/\/proacquacasa.com\/filtro-ph-carboni-attivi-naturali-con-polifosfati-e-sali-di-argento-anticalcare\/"},"modified":"2025-05-07T11:22:24","modified_gmt":"2025-05-07T11:22:24","slug":"filter-ph-natuerliche-aktivkohle-mit-polyphosphaten-und-kalkhemmenden-silbersalzen","status":"publish","type":"product","link":"https:\/\/proacquacasa.com\/de\/filter-ph-natuerliche-aktivkohle-mit-polyphosphaten-und-kalkhemmenden-silbersalzen\/","title":{"rendered":"FILTER PH \u2013 NAT\u00dcRLICHE AKTIVKOHLE MIT POLYPHOSPHATEN UND KALKHEMMENDEN SILBERSALZEN"},"content":{"rendered":"<p class=\"\" data-start=\"111\" data-end=\"492\">Der <strong data-start=\"114\" data-end=\"127\">Filter PH<\/strong> ist ein <strong data-start=\"144\" data-end=\"173\">fortschrittliches Mikrofiltrationssystem<\/strong>, das die Wirksamkeit von <strong data-start=\"202\" data-end=\"229\">nat\u00fcrlicher Aktivkohle<\/strong> mit der kalkhemmenden Wirkung von <strong data-start=\"259\" data-end=\"274\">Polyphosphaten<\/strong> und dem bakterienhemmenden Schutz durch <strong data-start=\"311\" data-end=\"329\">Silbersalze<\/strong> kombiniert. Entwickelt, um reineres und sichereres Wasser zu gew\u00e4hrleisten, ist er die ideale Wahl f\u00fcr alle, die ihre Anlage sch\u00fctzen und den Geschmack des Trinkwassers verbessern m\u00f6chten.<\/p>\n<ul>\n<li data-start=\"494\" data-end=\"1202\"><strong data-start=\"497\" data-end=\"523\">Kalkschutz<\/strong>: hemmt die Kalkbildung und verhindert Sch\u00e4den und Ablagerungen in Filtersystemen.<\/li>\n<li data-start=\"494\" data-end=\"1202\"><strong data-start=\"629\" data-end=\"668\">Hocheffiziente Mikrofiltration<\/strong>: der <strong data-start=\"673\" data-end=\"698\">nat\u00fcrliche Carbon Block<\/strong> mit einer Filterfeinheit von <strong data-start=\"727\" data-end=\"745\">0,5 bis 5 Mikron<\/strong> entfernt Verunreinigungen, Chlor und Schwebeteilchen.<\/li>\n<li data-start=\"494\" data-end=\"1202\"><strong data-start=\"809\" data-end=\"835\">Bakteriostatische Wirkung<\/strong>: die <strong data-start=\"839\" data-end=\"857\">Silbersalze<\/strong> verhindern das Bakterienwachstum im Filter und halten das Wasser sicherer.<\/li>\n<li data-start=\"494\" data-end=\"1202\"><strong data-start=\"958\" data-end=\"977\">Optimale Durchflussrate<\/strong>: mit einer Kapazit\u00e4t von <strong data-start=\"999\" data-end=\"1016\">300 Liter\/Stunde<\/strong> wird ein konstanter Fluss ohne Leistungseinbu\u00dfen gew\u00e4hrleistet.<\/li>\n<li data-start=\"494\" data-end=\"1202\"><strong data-start=\"1093\" data-end=\"1114\">Lange Lebensdauer<\/strong>: Kapazit\u00e4t bis zu <strong data-start=\"1133\" data-end=\"1158\">12 Monate oder 7.000 Liter<\/strong> f\u00fcr eine effektive und dauerhafte Filtration.<\/li>\n<\/ul>\n<h3 class=\"\" data-start=\"1204\" data-end=\"1244\"><strong data-start=\"1208\" data-end=\"1242\">Warum den Filter PH w\u00e4hlen?<\/strong><\/h3>\n<ul>\n<li data-start=\"1246\" data-end=\"1477\"><strong data-start=\"1248\" data-end=\"1290\">Verbessert den Geschmack und Geruch des Wassers<\/strong> durch Entfernung von Chlor und Verunreinigungen.<\/li>\n<li data-start=\"1246\" data-end=\"1477\"><strong data-start=\"1325\" data-end=\"1365\">Sch\u00fctzt Ihre Anlage vor Kalk<\/strong> und verl\u00e4ngert deren Lebensdauer.<\/li>\n<li data-start=\"1246\" data-end=\"1477\"><strong data-start=\"1396\" data-end=\"1436\">Verhindert das Bakterienwachstum<\/strong> dank der Wirkung von Silbersalzen.<\/li>\n<\/ul>\n","protected":false},"excerpt":{"rendered":"<p>Der Filter PH ist ein fortschrittliches Mikrofiltrationssystem, das die Wirksamkeit von nat\u00fcrlicher Aktivkohle mit der kalkhemmenden Wirkung von Polyphosphaten und dem bakterienhemmenden Schutz durch Silbersalze kombiniert. Entwickelt, um reineres und&#8230;<\/p>\n","protected":false},"featured_media":5871,"comment_status":"closed","ping_status":"closed","template":"","meta":{"inline_featured_image":false},"product_brand":[],"product_cat":[132,138],"product_tag":[],"class_list":{"0":"post-4529","1":"product","2":"type-product","3":"status-publish","4":"has-post-thumbnail","6":"product_cat-ersatzteile-und-zubehoer","7":"product_cat-filter","9":"first","10":"instock","11":"taxable","12":"shipping-taxable","13":"purchasable","14":"product-type-simple"},"_links":{"self":[{"href":"https:\/\/proacquacasa.com\/de\/wp-json\/wp\/v2\/product\/4529","targetHints":{"allow":["GET"]}}],"collection":[{"href":"https:\/\/proacquacasa.com\/de\/wp-json\/wp\/v2\/product"}],"about":[{"href":"https:\/\/proacquacasa.com\/de\/wp-json\/wp\/v2\/types\/product"}],"replies":[{"embeddable":true,"href":"https:\/\/proacquacasa.com\/de\/wp-json\/wp\/v2\/comments?post=4529"}],"wp:featuredmedia":[{"embeddable":true,"href":"https:\/\/proacquacasa.com\/de\/wp-json\/wp\/v2\/media\/5871"}],"wp:attachment":[{"href":"https:\/\/proacquacasa.com\/de\/wp-json\/wp\/v2\/media?parent=4529"}],"wp:term":[{"taxonomy":"product_brand","embeddable":true,"href":"https:\/\/proacquacasa.com\/de\/wp-json\/wp\/v2\/product_brand?post=4529"},{"taxonomy":"product_cat","embeddable":true,"href":"https:\/\/proacquacasa.com\/de\/wp-json\/wp\/v2\/product_cat?post=4529"},{"taxonomy":"product_tag","embeddable":true,"href":"https:\/\/proacquacasa.com\/de\/wp-json\/wp\/v2\/product_tag?post=4529"}],"curies":[{"name":"wp","href":"https:\/\/api.w.org\/{rel}","templated":true}]}}