{"id":4526,"date":"2025-01-24T13:47:17","date_gmt":"2025-01-24T13:47:17","guid":{"rendered":"https:\/\/proacquacasa.com\/microfiltrazione-a-carboni-attivi-naturali-6-mesi-15-000-litri\/"},"modified":"2025-05-07T11:18:49","modified_gmt":"2025-05-07T11:18:49","slug":"filter-ca-mikrofiltration-mit-natuerlicher-aktivkohle-fuer-omde-serie-8000","status":"publish","type":"product","link":"https:\/\/proacquacasa.com\/de\/filter-ca-mikrofiltration-mit-natuerlicher-aktivkohle-fuer-omde-serie-8000\/","title":{"rendered":"FILTER CA \u2013 MIKROFILTRATION MIT NAT\u00dcRLICHER AKTIVKOHLE F\u00dcR OMDE SERIE 8000"},"content":{"rendered":"<p class=\"\" data-start=\"95\" data-end=\"446\">Der <strong data-start=\"98\" data-end=\"111\">Filter CA<\/strong> wurde entwickelt, um eine <strong data-start=\"141\" data-end=\"180\">hocheffiziente Mikrofiltration<\/strong> zu bieten und sorgt f\u00fcr reineres und sichereres Wasser im <strong data-start=\"233\" data-end=\"252\">OMDE Serie 8000<\/strong>-System. Dank der Verwendung von <strong data-start=\"277\" data-end=\"304\">nat\u00fcrlicher Aktivkohle<\/strong> kann er mikroskopische Verunreinigungen zur\u00fcckhalten, die Wasserqualit\u00e4t verbessern und eine stets kristallklare Wasserabgabe gew\u00e4hrleisten.<\/p>\n<ul>\n<li data-start=\"448\" data-end=\"898\"><strong data-start=\"451\" data-end=\"480\">Fortschrittliche Mikrofiltration<\/strong>: Das ultra-feine Filtersystem f\u00e4ngt unerw\u00fcnschte Partikel, Sedimente und organische Verunreinigungen ein und verbessert die Klarheit des Wassers.<\/li>\n<li data-start=\"448\" data-end=\"898\"><strong data-start=\"631\" data-end=\"681\">Entfernung von Chlor und fl\u00fcchtigen Verbindungen<\/strong>: Entfernt wirksam Substanzen, die f\u00fcr unangenehme Ger\u00fcche und Geschm\u00e4cker verantwortlich sind.<\/li>\n<li data-start=\"448\" data-end=\"898\"><strong data-start=\"762\" data-end=\"804\">Schutz des OMDE Serie 8000-Systems<\/strong>: Verhindert die Ansammlung von Verunreinigungen, die die Systemleistung beeintr\u00e4chtigen k\u00f6nnten.<\/li>\n<\/ul>\n<h3 class=\"\" data-start=\"900\" data-end=\"940\"><strong data-start=\"904\" data-end=\"938\">Warum den Filter CA w\u00e4hlen?<\/strong><\/h3>\n<ul>\n<li data-start=\"942\" data-end=\"1211\"><strong data-start=\"944\" data-end=\"970\">Ultra-feine Filtration<\/strong>, die die Sicherheit und Reinheit des Wassers verbessert.<\/li>\n<li data-start=\"942\" data-end=\"1211\"><strong data-start=\"1026\" data-end=\"1066\">Technologie mit nat\u00fcrlicher Aktivkohle<\/strong>, wirksam gegen organische Verunreinigungen und chemische R\u00fcckst\u00e4nde.<\/li>\n<li data-start=\"942\" data-end=\"1211\"><strong data-start=\"1129\" data-end=\"1164\">Kompatibel mit OMDE Serie 8000<\/strong> f\u00fcr stets perfekt gefiltertes Wasser.<\/li>\n<\/ul>\n<p>Dauer: 12 Monate \/ 15.000 Liter<\/p>\n","protected":false},"excerpt":{"rendered":"<p>Der Filter CA wurde entwickelt, um eine hocheffiziente Mikrofiltration zu bieten und sorgt f\u00fcr reineres und sichereres Wasser im OMDE Serie 8000-System. Dank der Verwendung von nat\u00fcrlicher Aktivkohle kann er&#8230;<\/p>\n","protected":false},"featured_media":4143,"comment_status":"closed","ping_status":"closed","template":"","meta":{"inline_featured_image":false},"product_brand":[],"product_cat":[132,138],"product_tag":[],"class_list":{"0":"post-4526","1":"product","2":"type-product","3":"status-publish","4":"has-post-thumbnail","6":"product_cat-ersatzteile-und-zubehoer","7":"product_cat-filter","9":"first","10":"instock","11":"taxable","12":"shipping-taxable","13":"purchasable","14":"product-type-simple"},"_links":{"self":[{"href":"https:\/\/proacquacasa.com\/de\/wp-json\/wp\/v2\/product\/4526","targetHints":{"allow":["GET"]}}],"collection":[{"href":"https:\/\/proacquacasa.com\/de\/wp-json\/wp\/v2\/product"}],"about":[{"href":"https:\/\/proacquacasa.com\/de\/wp-json\/wp\/v2\/types\/product"}],"replies":[{"embeddable":true,"href":"https:\/\/proacquacasa.com\/de\/wp-json\/wp\/v2\/comments?post=4526"}],"wp:featuredmedia":[{"embeddable":true,"href":"https:\/\/proacquacasa.com\/de\/wp-json\/wp\/v2\/media\/4143"}],"wp:attachment":[{"href":"https:\/\/proacquacasa.com\/de\/wp-json\/wp\/v2\/media?parent=4526"}],"wp:term":[{"taxonomy":"product_brand","embeddable":true,"href":"https:\/\/proacquacasa.com\/de\/wp-json\/wp\/v2\/product_brand?post=4526"},{"taxonomy":"product_cat","embeddable":true,"href":"https:\/\/proacquacasa.com\/de\/wp-json\/wp\/v2\/product_cat?post=4526"},{"taxonomy":"product_tag","embeddable":true,"href":"https:\/\/proacquacasa.com\/de\/wp-json\/wp\/v2\/product_tag?post=4526"}],"curies":[{"name":"wp","href":"https:\/\/api.w.org\/{rel}","templated":true}]}}