{"id":4524,"date":"2025-02-13T14:50:56","date_gmt":"2025-02-13T14:50:56","guid":{"rendered":"https:\/\/proacquacasa.com\/filtro-proacqua-m-5-micron-carboni-attivi\/"},"modified":"2025-05-07T11:17:24","modified_gmt":"2025-05-07T11:17:24","slug":"filter-m-mikrofiltration-mit-natuerlicher-aktivkohle-fuer-professionellen-einsatz","status":"publish","type":"product","link":"https:\/\/proacquacasa.com\/de\/filter-m-mikrofiltration-mit-natuerlicher-aktivkohle-fuer-professionellen-einsatz\/","title":{"rendered":"FILTER M \u2013 MIKROFILTRATION MIT NAT\u00dcRLICHER AKTIVKOHLE F\u00dcR PROFESSIONELLEN EINSATZ"},"content":{"rendered":"<p class=\"p1\"><b>Allgemeine Merkmale<\/b><\/p>\n<p class=\"p3\"><span class=\"s1\">Kartusche mit <\/span><b>Schnellanschluss<\/b><span class=\"s1\"> und <\/span><b>Mikrofiltration mit gesintertem Carbonblock<\/b><span class=\"s1\">, entwickelt zur Entfernung von <\/span><b>Geschmack, Ger\u00fcchen, Tr\u00fcbung, Chlor und pathogenen Bakterien<\/b><span class=\"s1\"> mit einer Filterfeinheit von <\/span><b>5 Mikron<\/b><span class=\"s1\">. Das gefilterte Wasser ist <\/span><b>geschmacksneutral, geruchsfrei und klar in der Farbe<\/b><span class=\"s1\">.<\/span><\/p>\n<p class=\"p3\"><span class=\"s1\">\u26a0 <\/span><b>Nicht geeignet zur Entfernung von chemischen Schadstoffen<\/b><span class=\"s1\"> wie <\/span><b>Nitriten, Nitraten, PFAS<\/b><span class=\"s1\"> usw.<\/span><\/p>\n<p class=\"p1\"><b>Vorgesehene Verwendung<\/b><\/p>\n<p class=\"p3\"><span class=\"s1\">Kompositfilter, konform mit <\/span><b>DM 443\/990 Art. 2 Absatz 8<\/b><span class=\"s1\">, bestimmt zur <\/span><b>Veredelung von Trinkwasser aus dem Leitungsnetz<\/b><span class=\"s1\">.<\/span><\/p>\n<p class=\"p1\"><b>Leistungen<\/b><\/p>\n<ul>\n<li class=\"p2\"><b>Maximale Kapazit\u00e4t:<\/b><span class=\"s1\"> 15.000 Liter*<\/span><\/li>\n<li class=\"p2\"><b>Maximaler Durchfluss pro Kartusche:<\/b><span class=\"s1\"> 5 Liter\/Minute*<\/span><\/li>\n<li class=\"p2\"><span class=\"s2\"><b>Mindest-\/H\u00f6chstdruck:<\/b><\/span> 0,06 MPa (0,6 bar) \/ 0,6 MPa (6 bar) \u2013 <span class=\"s2\"><b>kein Drucksto\u00df<\/b><\/span><\/li>\n<li class=\"p2\"><b>Min.\/max. Wassertemperatur:<\/b><span class=\"s1\"> 4,4 \u00b0C (40 \u00b0F) \/ 38 \u00b0C (140 \u00b0F)<\/span><\/li>\n<\/ul>\n<p class=\"p5\">*Die Leistung kann je nach Qualit\u00e4t des einstr\u00f6menden Wassers variieren. Es wird empfohlen, die Kartusche bei Erreichen der Kapazit\u00e4t, bei signifikanter Durchflussreduzierung oder sp\u00e4testens <span class=\"s2\"><b>innerhalb von 6 Monaten nach der Installation<\/b><\/span> zu ersetzen.<\/p>\n<p class=\"p1\"><b>Materialien<\/b><\/p>\n<ul>\n<li class=\"p2\"><span class=\"s1\"><b>Filterelement:<\/b><\/span> Gesinterter Carbonblock<\/li>\n<li class=\"p2\"><span class=\"s1\"><b>Geh\u00e4use:<\/b><\/span> Verst\u00e4rktes Polypropylen<\/li>\n<li class=\"p2\"><span class=\"s1\"><b>O-Ring:<\/b><\/span> EPDM<\/li>\n<li class=\"p4\"><b>Artikelnummer:<\/b> <b>1800039<\/b><\/li>\n<\/ul>\n","protected":false},"excerpt":{"rendered":"<p>Cartuccia ad attacco rapido con filtrazione carbon block sinterizzato.<\/p>\n","protected":false},"featured_media":4133,"comment_status":"closed","ping_status":"closed","template":"","meta":{"inline_featured_image":false},"product_brand":[],"product_cat":[132,138],"product_tag":[],"class_list":{"0":"post-4524","1":"product","2":"type-product","3":"status-publish","4":"has-post-thumbnail","6":"product_cat-ersatzteile-und-zubehoer","7":"product_cat-filter","9":"first","10":"instock","11":"taxable","12":"shipping-taxable","13":"purchasable","14":"product-type-simple"},"_links":{"self":[{"href":"https:\/\/proacquacasa.com\/de\/wp-json\/wp\/v2\/product\/4524","targetHints":{"allow":["GET"]}}],"collection":[{"href":"https:\/\/proacquacasa.com\/de\/wp-json\/wp\/v2\/product"}],"about":[{"href":"https:\/\/proacquacasa.com\/de\/wp-json\/wp\/v2\/types\/product"}],"replies":[{"embeddable":true,"href":"https:\/\/proacquacasa.com\/de\/wp-json\/wp\/v2\/comments?post=4524"}],"wp:featuredmedia":[{"embeddable":true,"href":"https:\/\/proacquacasa.com\/de\/wp-json\/wp\/v2\/media\/4133"}],"wp:attachment":[{"href":"https:\/\/proacquacasa.com\/de\/wp-json\/wp\/v2\/media?parent=4524"}],"wp:term":[{"taxonomy":"product_brand","embeddable":true,"href":"https:\/\/proacquacasa.com\/de\/wp-json\/wp\/v2\/product_brand?post=4524"},{"taxonomy":"product_cat","embeddable":true,"href":"https:\/\/proacquacasa.com\/de\/wp-json\/wp\/v2\/product_cat?post=4524"},{"taxonomy":"product_tag","embeddable":true,"href":"https:\/\/proacquacasa.com\/de\/wp-json\/wp\/v2\/product_tag?post=4524"}],"curies":[{"name":"wp","href":"https:\/\/api.w.org\/{rel}","templated":true}]}}