{"id":4522,"date":"2025-03-17T09:14:20","date_gmt":"2025-03-17T09:14:20","guid":{"rendered":"https:\/\/proacquacasa.com\/filtro-mn-ioni-alcalini-di-ca-e-mg\/"},"modified":"2025-05-07T11:15:08","modified_gmt":"2025-05-07T11:15:08","slug":"filter-mn-mit-alkalischen-calcium-und-magnesiumionen","status":"publish","type":"product","link":"https:\/\/proacquacasa.com\/de\/filter-mn-mit-alkalischen-calcium-und-magnesiumionen\/","title":{"rendered":"FILTER MN \u2013 MIT ALKALISCHEN CALCIUM- UND MAGNESIUMIONEN"},"content":{"rendered":"<p class=\"\" data-start=\"79\" data-end=\"427\">Der <strong data-start=\"82\" data-end=\"95\">Filter MN<\/strong> ist ein fortschrittliches <strong data-start=\"121\" data-end=\"168\">Mikrofiltrationssystem mit ents\u00e4uernder Wirkung<\/strong>, ideal zur Verbesserung der Trinkwasserqualit\u00e4t durch die Zugabe von <strong data-start=\"246\" data-end=\"284\">alkalischen Calcium- und Magnesiumionen<\/strong>. Sein <strong data-start=\"293\" data-end=\"321\">entkalkendes Material<\/strong> hilft, die m\u00f6gliche S\u00e4ure des Wassers zu neutralisieren und es ausgewogener und angenehmer im Geschmack zu machen.<\/p>\n<ul>\n<li data-start=\"429\" data-end=\"871\"><strong data-start=\"432\" data-end=\"473\">Stabilisierende und ents\u00e4uernde Wirkung<\/strong>: gleicht den pH-Wert des Wassers aus und verbessert Geschmack und Qualit\u00e4t.<\/li>\n<li data-start=\"429\" data-end=\"871\"><strong data-start=\"546\" data-end=\"575\">Effektive Mikrofiltration<\/strong>: mit einem Filtergrad von <strong data-start=\"608\" data-end=\"626\">0,5 bis 5 Mikron<\/strong> werden Verunreinigungen und Sedimente zur\u00fcckgehalten.<\/li>\n<li data-start=\"429\" data-end=\"871\"><strong data-start=\"665\" data-end=\"695\">Hohe Durchflusskapazit\u00e4t<\/strong>: sorgt f\u00fcr eine konstante Abgabe von bis zu <strong data-start=\"738\" data-end=\"755\">350 Liter\/Stunde<\/strong>.<\/li>\n<li data-start=\"429\" data-end=\"871\"><strong data-start=\"762\" data-end=\"781\">Optimale Lebensdauer<\/strong>: Kapazit\u00e4t von bis zu <strong data-start=\"800\" data-end=\"826\">12 Monaten oder 25.000 Litern<\/strong> f\u00fcr eine langlebige und effektive Filtration.<\/li>\n<\/ul>\n<h3 class=\"\" data-start=\"873\" data-end=\"913\"><strong data-start=\"877\" data-end=\"911\">Warum den Filter MN w\u00e4hlen?<\/strong><\/h3>\n<ul>\n<li data-start=\"915\" data-end=\"1121\"><strong data-start=\"917\" data-end=\"964\">Anreicherung des Wassers mit essenziellen Mineralien<\/strong> wie Calcium und Magnesium.<\/li>\n<li data-start=\"915\" data-end=\"1121\"><strong data-start=\"993\" data-end=\"1026\">Macht das Wasser ausgewogener<\/strong> durch Reduzierung der S\u00e4ure.<\/li>\n<li data-start=\"915\" data-end=\"1121\"><strong data-start=\"1053\" data-end=\"1079\">Zuverl\u00e4ssige Filtration<\/strong> mit einem fortschrittlichen Entkalkungssystem.<\/li>\n<\/ul>\n","protected":false},"excerpt":{"rendered":"<p>Der Filter MN ist ein fortschrittliches Mikrofiltrationssystem mit ents\u00e4uernder Wirkung, ideal zur Verbesserung der Trinkwasserqualit\u00e4t durch die Zugabe von alkalischen Calcium- und Magnesiumionen. Sein entkalkendes Material hilft, die m\u00f6gliche S\u00e4ure&#8230;<\/p>\n","protected":false},"featured_media":4117,"comment_status":"closed","ping_status":"closed","template":"","meta":{"inline_featured_image":false},"product_brand":[],"product_cat":[132,138],"product_tag":[],"class_list":{"0":"post-4522","1":"product","2":"type-product","3":"status-publish","4":"has-post-thumbnail","6":"product_cat-ersatzteile-und-zubehoer","7":"product_cat-filter","9":"first","10":"instock","11":"taxable","12":"shipping-taxable","13":"purchasable","14":"product-type-simple"},"_links":{"self":[{"href":"https:\/\/proacquacasa.com\/de\/wp-json\/wp\/v2\/product\/4522","targetHints":{"allow":["GET"]}}],"collection":[{"href":"https:\/\/proacquacasa.com\/de\/wp-json\/wp\/v2\/product"}],"about":[{"href":"https:\/\/proacquacasa.com\/de\/wp-json\/wp\/v2\/types\/product"}],"replies":[{"embeddable":true,"href":"https:\/\/proacquacasa.com\/de\/wp-json\/wp\/v2\/comments?post=4522"}],"wp:featuredmedia":[{"embeddable":true,"href":"https:\/\/proacquacasa.com\/de\/wp-json\/wp\/v2\/media\/4117"}],"wp:attachment":[{"href":"https:\/\/proacquacasa.com\/de\/wp-json\/wp\/v2\/media?parent=4522"}],"wp:term":[{"taxonomy":"product_brand","embeddable":true,"href":"https:\/\/proacquacasa.com\/de\/wp-json\/wp\/v2\/product_brand?post=4522"},{"taxonomy":"product_cat","embeddable":true,"href":"https:\/\/proacquacasa.com\/de\/wp-json\/wp\/v2\/product_cat?post=4522"},{"taxonomy":"product_tag","embeddable":true,"href":"https:\/\/proacquacasa.com\/de\/wp-json\/wp\/v2\/product_tag?post=4522"}],"curies":[{"name":"wp","href":"https:\/\/api.w.org\/{rel}","templated":true}]}}