{"id":4520,"date":"2025-01-24T13:47:51","date_gmt":"2025-01-24T13:47:51","guid":{"rendered":"https:\/\/proacquacasa.com\/nanofiltrazione-a-fibra-cava-6-mesi-15-000-litri\/"},"modified":"2025-05-07T11:13:38","modified_gmt":"2025-05-07T11:13:38","slug":"filter-nn-nanofiltration-mit-hohlfasermembran","status":"publish","type":"product","link":"https:\/\/proacquacasa.com\/de\/filter-nn-nanofiltration-mit-hohlfasermembran\/","title":{"rendered":"FILTER NN \u2013 NANOFILTRATION MIT HOHLFASERMEMBRAN"},"content":{"rendered":"<p data-start=\"0\" data-end=\"442\">Die <strong data-start=\"3\" data-end=\"55\">Nanofiltration mit Hohlfasermembran von 0,01 Mikron<\/strong> ist eine der fortschrittlichsten Technologien zur Wasseraufbereitung und gew\u00e4hrleistet ein \u00e4u\u00dferst wirksames Ma\u00df an Reinigung, ohne den Geschmack oder die n\u00fctzlichen Eigenschaften des Wassers zu ver\u00e4ndern. Dieses innovative System basiert auf einer Membran mit Poren in Nanometergr\u00f6\u00dfe, die Verunreinigungen, Schadstoffe und sch\u00e4dliche Mikroorganismen zur\u00fcckh\u00e4lt und so reines und sicheres Trinkwasser liefert.<\/p>\n<p data-start=\"501\" data-end=\"856\">Die <strong data-start=\"517\" data-end=\"531\">Hohlfasermembran-Technologie<\/strong> verwendet eine mikropor\u00f6se Membran mit einer r\u00f6hrenf\u00f6rmigen Struktur, die aus Tausenden von hauchd\u00fcnnen Filamenten besteht. Jedes Filament wirkt wie ein selektives Sieb, das das Wasser auf nat\u00fcrliche Weise filtert und Partikel mit einer Gr\u00f6\u00dfe von mehr als 0,01 Mikron blockiert. Dies bedeutet, dass die Nanofiltration in der Lage ist, folgende Stoffe zu entfernen:<\/p>\n<p data-start=\"858\" data-end=\"1167\"><strong data-start=\"860\" data-end=\"878\">Mikroplastik<\/strong>, das mit blo\u00dfem Auge nicht sichtbar ist, aber in vielen Wasserquellen vorhanden sein kann.<br data-start=\"942\" data-end=\"945\" \/><strong data-start=\"947\" data-end=\"966\">Viren und Bakterien<\/strong>, die potenziell gesundheitssch\u00e4dlich sind.<br data-start=\"1007\" data-end=\"1010\" \/><strong data-start=\"1012\" data-end=\"1039\">Endotoxine und Pestizide<\/strong>, die den K\u00f6rper vor sch\u00e4dlichen Stoffen sch\u00fctzen.<br data-start=\"1084\" data-end=\"1087\" \/><strong data-start=\"1089\" data-end=\"1113\">Sedimente und Verunreinigungen<\/strong>, die die Klarheit und Qualit\u00e4t des Wassers verbessern.<\/p>\n<p data-start=\"1225\" data-end=\"1851\"><strong data-start=\"1228\" data-end=\"1272\">Sichereres Wasser ohne Verunreinigungen<\/strong>: Die Wirksamkeit dieser Technologie verringert das Risiko von Infektionen und durch im Wasser vorhandene Bakterien und Viren verursachten Krankheiten.<br data-start=\"1394\" data-end=\"1397\" \/><strong data-start=\"1400\" data-end=\"1426\">Selektive Entfernung<\/strong>: Im Gegensatz zu anderen Technologien bewahrt die Nanofiltration essentielle Mineralien und sorgt f\u00fcr ausgewogenes und gesundes Wasser.<br data-start=\"1560\" data-end=\"1563\" \/><strong data-start=\"1566\" data-end=\"1605\">Kein Einsatz von Chemikalien<\/strong>: Im Gegensatz zu Systemen auf Basis von Chlor oder anderen chemischen Behandlungen ist diese Methode vollst\u00e4ndig nat\u00fcrlich und nachhaltig.<br data-start=\"1729\" data-end=\"1732\" \/><strong data-start=\"1735\" data-end=\"1766\">Keine Geschmacksver\u00e4nderung<\/strong>: Das gefilterte Wasser ist leicht und angenehm im Geschmack, ideal f\u00fcr den t\u00e4glichen Konsum.<\/p>\n","protected":false},"excerpt":{"rendered":"<p>Die Nanofiltration mit Hohlfasermembran von 0,01 Mikron ist eine der fortschrittlichsten Technologien zur Wasseraufbereitung und gew\u00e4hrleistet ein \u00e4u\u00dferst wirksames Ma\u00df an Reinigung, ohne den Geschmack oder die n\u00fctzlichen Eigenschaften des&#8230;<\/p>\n","protected":false},"featured_media":4129,"comment_status":"closed","ping_status":"closed","template":"","meta":{"inline_featured_image":false},"product_brand":[],"product_cat":[132,138],"product_tag":[],"class_list":{"0":"post-4520","1":"product","2":"type-product","3":"status-publish","4":"has-post-thumbnail","6":"product_cat-ersatzteile-und-zubehoer","7":"product_cat-filter","9":"first","10":"instock","11":"taxable","12":"shipping-taxable","13":"purchasable","14":"product-type-simple"},"_links":{"self":[{"href":"https:\/\/proacquacasa.com\/de\/wp-json\/wp\/v2\/product\/4520","targetHints":{"allow":["GET"]}}],"collection":[{"href":"https:\/\/proacquacasa.com\/de\/wp-json\/wp\/v2\/product"}],"about":[{"href":"https:\/\/proacquacasa.com\/de\/wp-json\/wp\/v2\/types\/product"}],"replies":[{"embeddable":true,"href":"https:\/\/proacquacasa.com\/de\/wp-json\/wp\/v2\/comments?post=4520"}],"wp:featuredmedia":[{"embeddable":true,"href":"https:\/\/proacquacasa.com\/de\/wp-json\/wp\/v2\/media\/4129"}],"wp:attachment":[{"href":"https:\/\/proacquacasa.com\/de\/wp-json\/wp\/v2\/media?parent=4520"}],"wp:term":[{"taxonomy":"product_brand","embeddable":true,"href":"https:\/\/proacquacasa.com\/de\/wp-json\/wp\/v2\/product_brand?post=4520"},{"taxonomy":"product_cat","embeddable":true,"href":"https:\/\/proacquacasa.com\/de\/wp-json\/wp\/v2\/product_cat?post=4520"},{"taxonomy":"product_tag","embeddable":true,"href":"https:\/\/proacquacasa.com\/de\/wp-json\/wp\/v2\/product_tag?post=4520"}],"curies":[{"name":"wp","href":"https:\/\/api.w.org\/{rel}","templated":true}]}}