{"id":4496,"date":"2025-01-30T08:11:09","date_gmt":"2025-01-30T08:11:09","guid":{"rendered":"https:\/\/proacquacasa.com\/omin-acwg-filtrazione-5-vie-doccia-con-mollone-nero-opaco\/"},"modified":"2025-05-07T10:23:32","modified_gmt":"2025-05-07T10:23:32","slug":"omin-raumtemperatur-kalt-und-sprudelnd-aktivkohlefiltration-5-wege-spuelbrause-armatur-mit-feder-schwarz-matt","status":"publish","type":"product","link":"https:\/\/proacquacasa.com\/de\/omin-raumtemperatur-kalt-und-sprudelnd-aktivkohlefiltration-5-wege-spuelbrause-armatur-mit-feder-schwarz-matt\/","title":{"rendered":"OMIN RAUMTEMPERATUR, KALT und SPRUDELND \u2013 AKTIVKOHLEFILTRATION \u2013 5-WEGE SP\u00dcLBRAUSE-ARMATUR MIT FEDER SCHWARZ MATT"},"content":{"rendered":"<p><strong>Farbe<\/strong>: PR08 &#8211; SCHWARZ MATT<\/p>\n<p>OMIN F\u00fcnf-Wege-Sp\u00fclbrause mit Feder ist ein Untertisch-Filtersystem mit innovativem und praktischem Design sowie einer Feder f\u00fcr zus\u00e4tzlichen Komfort. Es liefert stilles kaltes Wasser, sprudelndes kaltes Wasser und gefiltertes hei\u00dfes Wasser, w\u00e4hrend auf der linken Seite ungefiltertes hei\u00dfes und kaltes Wasser bereitgestellt wird. Dies garantiert eine vielseitige und funktionale L\u00f6sung f\u00fcr Ihre K\u00fcche.<\/p>\n","protected":false},"excerpt":{"rendered":"<p>Farbe: PR08 &#8211; SCHWARZ MATT OMIN F\u00fcnf-Wege-Sp\u00fclbrause mit Feder ist ein Untertisch-Filtersystem mit innovativem und praktischem Design sowie einer Feder f\u00fcr zus\u00e4tzlichen Komfort. Es liefert stilles kaltes Wasser, sprudelndes kaltes&#8230;<\/p>\n","protected":false},"featured_media":4059,"comment_status":"closed","ping_status":"closed","template":"","meta":{"inline_featured_image":false},"product_brand":[],"product_cat":[126],"product_tag":[],"class_list":{"0":"post-4496","1":"product","2":"type-product","3":"status-publish","4":"has-post-thumbnail","6":"product_cat-5-wege-dusche-mit-federschlauch","8":"first","9":"instock","10":"taxable","11":"shipping-taxable","12":"purchasable","13":"product-type-simple"},"_links":{"self":[{"href":"https:\/\/proacquacasa.com\/de\/wp-json\/wp\/v2\/product\/4496","targetHints":{"allow":["GET"]}}],"collection":[{"href":"https:\/\/proacquacasa.com\/de\/wp-json\/wp\/v2\/product"}],"about":[{"href":"https:\/\/proacquacasa.com\/de\/wp-json\/wp\/v2\/types\/product"}],"replies":[{"embeddable":true,"href":"https:\/\/proacquacasa.com\/de\/wp-json\/wp\/v2\/comments?post=4496"}],"wp:featuredmedia":[{"embeddable":true,"href":"https:\/\/proacquacasa.com\/de\/wp-json\/wp\/v2\/media\/4059"}],"wp:attachment":[{"href":"https:\/\/proacquacasa.com\/de\/wp-json\/wp\/v2\/media?parent=4496"}],"wp:term":[{"taxonomy":"product_brand","embeddable":true,"href":"https:\/\/proacquacasa.com\/de\/wp-json\/wp\/v2\/product_brand?post=4496"},{"taxonomy":"product_cat","embeddable":true,"href":"https:\/\/proacquacasa.com\/de\/wp-json\/wp\/v2\/product_cat?post=4496"},{"taxonomy":"product_tag","embeddable":true,"href":"https:\/\/proacquacasa.com\/de\/wp-json\/wp\/v2\/product_tag?post=4496"}],"curies":[{"name":"wp","href":"https:\/\/api.w.org\/{rel}","templated":true}]}}