{"id":4484,"date":"2025-01-30T08:17:52","date_gmt":"2025-01-30T08:17:52","guid":{"rendered":"https:\/\/proacquacasa.com\/omin-acwg-filtrazione-5-vie-canna-alta-cromo\/"},"modified":"2025-05-07T10:11:06","modified_gmt":"2025-05-07T10:11:06","slug":"omin-raumtemperatur-kalt-und-sprudelnd-aktivkohlefiltration-5-wege-armatur-mit-hohem-auslauf-chrom","status":"publish","type":"product","link":"https:\/\/proacquacasa.com\/de\/omin-raumtemperatur-kalt-und-sprudelnd-aktivkohlefiltration-5-wege-armatur-mit-hohem-auslauf-chrom\/","title":{"rendered":"OMIN RAUMTEMPERATUR, KALT und SPRUDELND \u2013 AKTIVKOHLEFILTRATION \u2013 5-WEGE ARMATUR MIT HOHEM AUSLAUF CHROM"},"content":{"rendered":"<p><strong>Farbe<\/strong>: PR01 &#8211; CHROM<\/p>\n<div class=\"flex max-w-full flex-col flex-grow\">\n<div class=\"min-h-8 text-message relative flex w-full flex-col items-end gap-2 whitespace-normal break-words text-start [.text-message+&amp;]:mt-5\" dir=\"auto\" data-message-author-role=\"assistant\" data-message-id=\"da6234d3-d341-4af3-a461-6777cc1b7760\" data-message-model-slug=\"gpt-4o\">\n<div class=\"flex w-full flex-col gap-1 empty:hidden first:pt-[3px]\">\n<div class=\"markdown prose w-full break-words dark:prose-invert light\">\n<p data-start=\"0\" data-end=\"304\" data-is-last-node=\"\" data-is-only-node=\"\">OMIN F\u00fcnf-Wege-Armatur mit hohem Auslauf ist ein Untertisch-Filtersystem mit modernem und funktionalem Design. Es liefert stilles kaltes Wasser, sprudelndes kaltes Wasser und gefiltertes hei\u00dfes Wasser, w\u00e4hrend auf der linken Seite ungefiltertes hei\u00dfes und kaltes Wasser bereitgestellt wird. Dies garantiert maximale Vielseitigkeit und Benutzerfreundlichkeit in der K\u00fcche.<\/p>\n<\/div>\n<\/div>\n<\/div>\n<\/div>\n","protected":false},"excerpt":{"rendered":"<p>Farbe: PR01 &#8211; CHROM OMIN F\u00fcnf-Wege-Armatur mit hohem Auslauf ist ein Untertisch-Filtersystem mit modernem und funktionalem Design. Es liefert stilles kaltes Wasser, sprudelndes kaltes Wasser und gefiltertes hei\u00dfes Wasser, w\u00e4hrend&#8230;<\/p>\n","protected":false},"featured_media":4001,"comment_status":"closed","ping_status":"closed","template":"","meta":{"inline_featured_image":false},"product_brand":[],"product_cat":[120],"product_tag":[],"class_list":{"0":"post-4484","1":"product","2":"type-product","3":"status-publish","4":"has-post-thumbnail","6":"product_cat-5-wege-hoher-auslauf","8":"first","9":"instock","10":"taxable","11":"shipping-taxable","12":"purchasable","13":"product-type-simple"},"_links":{"self":[{"href":"https:\/\/proacquacasa.com\/de\/wp-json\/wp\/v2\/product\/4484","targetHints":{"allow":["GET"]}}],"collection":[{"href":"https:\/\/proacquacasa.com\/de\/wp-json\/wp\/v2\/product"}],"about":[{"href":"https:\/\/proacquacasa.com\/de\/wp-json\/wp\/v2\/types\/product"}],"replies":[{"embeddable":true,"href":"https:\/\/proacquacasa.com\/de\/wp-json\/wp\/v2\/comments?post=4484"}],"wp:featuredmedia":[{"embeddable":true,"href":"https:\/\/proacquacasa.com\/de\/wp-json\/wp\/v2\/media\/4001"}],"wp:attachment":[{"href":"https:\/\/proacquacasa.com\/de\/wp-json\/wp\/v2\/media?parent=4484"}],"wp:term":[{"taxonomy":"product_brand","embeddable":true,"href":"https:\/\/proacquacasa.com\/de\/wp-json\/wp\/v2\/product_brand?post=4484"},{"taxonomy":"product_cat","embeddable":true,"href":"https:\/\/proacquacasa.com\/de\/wp-json\/wp\/v2\/product_cat?post=4484"},{"taxonomy":"product_tag","embeddable":true,"href":"https:\/\/proacquacasa.com\/de\/wp-json\/wp\/v2\/product_tag?post=4484"}],"curies":[{"name":"wp","href":"https:\/\/api.w.org\/{rel}","templated":true}]}}