{"id":4482,"date":"2025-01-30T08:21:18","date_gmt":"2025-01-30T08:21:18","guid":{"rendered":"https:\/\/proacquacasa.com\/omin-acwg-filtrazione-5-vie-canna-alta-cromo-spazzolato\/"},"modified":"2025-05-07T10:08:27","modified_gmt":"2025-05-07T10:08:27","slug":"omin-raumtemperatur-kalt-und-sprudelnd-aktivkohlefiltration-5-wege-armatur-mit-hohem-auslauf-gebuerstetes-chrom","status":"publish","type":"product","link":"https:\/\/proacquacasa.com\/de\/omin-raumtemperatur-kalt-und-sprudelnd-aktivkohlefiltration-5-wege-armatur-mit-hohem-auslauf-gebuerstetes-chrom\/","title":{"rendered":"OMIN RAUMTEMPERATUR, KALT und SPRUDELND \u2013 AKTIVKOHLEFILTRATION \u2013 5-WEGE ARMATUR MIT HOHEM AUSLAUF GEB\u00dcRSTETES CHROM"},"content":{"rendered":"<p><strong>Farbe<\/strong>: PR03 &#8211; GEB\u00dcRSTETES CHROM<\/p>\n<p>OMIN F\u00fcnf-Wege-Armatur mit hohem Auslauf ist ein Untertisch-Filtersystem mit modernem und funktionalem Design. Es liefert stilles kaltes Wasser, sprudelndes kaltes Wasser und gefiltertes hei\u00dfes Wasser, w\u00e4hrend auf der linken Seite ungefiltertes hei\u00dfes und kaltes Wasser bereitgestellt wird. Dies garantiert maximale Vielseitigkeit und Benutzerfreundlichkeit in der K\u00fcche.<\/p>\n","protected":false},"excerpt":{"rendered":"<p>Farbe: PR03 &#8211; GEB\u00dcRSTETES CHROM OMIN F\u00fcnf-Wege-Armatur mit hohem Auslauf ist ein Untertisch-Filtersystem mit modernem und funktionalem Design. Es liefert stilles kaltes Wasser, sprudelndes kaltes Wasser und gefiltertes hei\u00dfes Wasser,&#8230;<\/p>\n","protected":false},"featured_media":4007,"comment_status":"closed","ping_status":"closed","template":"","meta":{"inline_featured_image":false},"product_brand":[],"product_cat":[120],"product_tag":[],"class_list":{"0":"post-4482","1":"product","2":"type-product","3":"status-publish","4":"has-post-thumbnail","6":"product_cat-5-wege-hoher-auslauf","8":"first","9":"instock","10":"taxable","11":"shipping-taxable","12":"purchasable","13":"product-type-simple"},"_links":{"self":[{"href":"https:\/\/proacquacasa.com\/de\/wp-json\/wp\/v2\/product\/4482","targetHints":{"allow":["GET"]}}],"collection":[{"href":"https:\/\/proacquacasa.com\/de\/wp-json\/wp\/v2\/product"}],"about":[{"href":"https:\/\/proacquacasa.com\/de\/wp-json\/wp\/v2\/types\/product"}],"replies":[{"embeddable":true,"href":"https:\/\/proacquacasa.com\/de\/wp-json\/wp\/v2\/comments?post=4482"}],"wp:featuredmedia":[{"embeddable":true,"href":"https:\/\/proacquacasa.com\/de\/wp-json\/wp\/v2\/media\/4007"}],"wp:attachment":[{"href":"https:\/\/proacquacasa.com\/de\/wp-json\/wp\/v2\/media?parent=4482"}],"wp:term":[{"taxonomy":"product_brand","embeddable":true,"href":"https:\/\/proacquacasa.com\/de\/wp-json\/wp\/v2\/product_brand?post=4482"},{"taxonomy":"product_cat","embeddable":true,"href":"https:\/\/proacquacasa.com\/de\/wp-json\/wp\/v2\/product_cat?post=4482"},{"taxonomy":"product_tag","embeddable":true,"href":"https:\/\/proacquacasa.com\/de\/wp-json\/wp\/v2\/product_tag?post=4482"}],"curies":[{"name":"wp","href":"https:\/\/api.w.org\/{rel}","templated":true}]}}