{"id":4474,"date":"2025-01-30T08:42:02","date_gmt":"2025-01-30T08:42:02","guid":{"rendered":"https:\/\/proacquacasa.com\/omin-cwgh-filtrazione-5-vie-cigno-nichel-spazzolato\/"},"modified":"2025-05-07T10:00:42","modified_gmt":"2025-05-07T10:00:42","slug":"omin-kalt-sprudelnd-und-heiss-aktivkohlefiltration-5-wege-schwanenhals-armatur-gebuerstetes-nickel","status":"publish","type":"product","link":"https:\/\/proacquacasa.com\/de\/omin-kalt-sprudelnd-und-heiss-aktivkohlefiltration-5-wege-schwanenhals-armatur-gebuerstetes-nickel\/","title":{"rendered":"OMIN KALT, SPRUDELND und HEISS \u2013 AKTIVKOHLEFILTRATION \u2013 5-WEGE SCHWANENHALS-ARMATUR GEB\u00dcRSTETES NICKEL"},"content":{"rendered":"<p><strong>Farbe<\/strong>: PR04 &#8211; GEB\u00dcRSTETES NICKEL<\/p>\n<p>OMIN F\u00fcnf-Wege-Cigno ist ein Untertisch-Filtersystem mit einer eleganten F\u00fcnf-Wege-Schwanenhalsarmatur. Es liefert stilles kaltes Wasser, sprudelndes kaltes Wasser und gefiltertes hei\u00dfes Wasser, w\u00e4hrend auf der linken Seite ungefiltertes hei\u00dfes und kaltes Wasser bereitgestellt wird. Dies garantiert maximale Vielseitigkeit und Benutzerfreundlichkeit in der K\u00fcche.<\/p>\n","protected":false},"excerpt":{"rendered":"<p>Farbe: PR04 &#8211; GEB\u00dcRSTETES NICKEL OMIN F\u00fcnf-Wege-Cigno ist ein Untertisch-Filtersystem mit einer eleganten F\u00fcnf-Wege-Schwanenhalsarmatur. Es liefert stilles kaltes Wasser, sprudelndes kaltes Wasser und gefiltertes hei\u00dfes Wasser, w\u00e4hrend auf der linken&#8230;<\/p>\n","protected":false},"featured_media":4029,"comment_status":"closed","ping_status":"closed","template":"","meta":{"inline_featured_image":false},"product_brand":[],"product_cat":[122],"product_tag":[],"class_list":{"0":"post-4474","1":"product","2":"type-product","3":"status-publish","4":"has-post-thumbnail","6":"product_cat-5-wege-schwanenhals","8":"first","9":"instock","10":"taxable","11":"shipping-taxable","12":"purchasable","13":"product-type-simple"},"_links":{"self":[{"href":"https:\/\/proacquacasa.com\/de\/wp-json\/wp\/v2\/product\/4474","targetHints":{"allow":["GET"]}}],"collection":[{"href":"https:\/\/proacquacasa.com\/de\/wp-json\/wp\/v2\/product"}],"about":[{"href":"https:\/\/proacquacasa.com\/de\/wp-json\/wp\/v2\/types\/product"}],"replies":[{"embeddable":true,"href":"https:\/\/proacquacasa.com\/de\/wp-json\/wp\/v2\/comments?post=4474"}],"wp:featuredmedia":[{"embeddable":true,"href":"https:\/\/proacquacasa.com\/de\/wp-json\/wp\/v2\/media\/4029"}],"wp:attachment":[{"href":"https:\/\/proacquacasa.com\/de\/wp-json\/wp\/v2\/media?parent=4474"}],"wp:term":[{"taxonomy":"product_brand","embeddable":true,"href":"https:\/\/proacquacasa.com\/de\/wp-json\/wp\/v2\/product_brand?post=4474"},{"taxonomy":"product_cat","embeddable":true,"href":"https:\/\/proacquacasa.com\/de\/wp-json\/wp\/v2\/product_cat?post=4474"},{"taxonomy":"product_tag","embeddable":true,"href":"https:\/\/proacquacasa.com\/de\/wp-json\/wp\/v2\/product_tag?post=4474"}],"curies":[{"name":"wp","href":"https:\/\/api.w.org\/{rel}","templated":true}]}}