{"id":4464,"date":"2025-01-30T08:42:55","date_gmt":"2025-01-30T08:42:55","guid":{"rendered":"https:\/\/proacquacasa.com\/omin-cwgh-filtrazione-5-vie-cigno-rame-spazzolato\/"},"modified":"2025-05-07T07:14:05","modified_gmt":"2025-05-07T07:14:05","slug":"omin-kalt-sprudelnd-und-heiss-aktivkohlefiltration-5-wege-schwanenhals-armatur-gebuerstetes-kupfer","status":"publish","type":"product","link":"https:\/\/proacquacasa.com\/de\/omin-kalt-sprudelnd-und-heiss-aktivkohlefiltration-5-wege-schwanenhals-armatur-gebuerstetes-kupfer\/","title":{"rendered":"OMIN KALT, SPRUDELND und HEISS \u2013 AKTIVKOHLEFILTRATION \u2013 5-WEGE SCHWANENHALS-ARMATUR GEB\u00dcRSTETES KUPFER"},"content":{"rendered":"<p><strong>Farbe<\/strong>: PR05 &#8211; GEB\u00dcRSTETES KUPFER<\/p>\n<p>OMIN F\u00fcnf-Wege-Cigno ist ein Untertisch-Filtersystem mit einer eleganten F\u00fcnf-Wege-Schwanenhalsarmatur. Es liefert stilles kaltes Wasser, sprudelndes kaltes Wasser und gefiltertes hei\u00dfes Wasser, w\u00e4hrend auf der linken Seite ungefiltertes hei\u00dfes und kaltes Wasser bereitgestellt wird. Dies garantiert maximale Vielseitigkeit und Benutzerfreundlichkeit in der K\u00fcche.<\/p>\n","protected":false},"excerpt":{"rendered":"<p>Farbe: PR05 &#8211; GEB\u00dcRSTETES KUPFER OMIN F\u00fcnf-Wege-Cigno ist ein Untertisch-Filtersystem mit einer eleganten F\u00fcnf-Wege-Schwanenhalsarmatur. Es liefert stilles kaltes Wasser, sprudelndes kaltes Wasser und gefiltertes hei\u00dfes Wasser, w\u00e4hrend auf der linken&#8230;<\/p>\n","protected":false},"featured_media":4033,"comment_status":"closed","ping_status":"closed","template":"","meta":{"inline_featured_image":false},"product_brand":[],"product_cat":[122],"product_tag":[],"class_list":{"0":"post-4464","1":"product","2":"type-product","3":"status-publish","4":"has-post-thumbnail","6":"product_cat-5-wege-schwanenhals","8":"first","9":"instock","10":"taxable","11":"shipping-taxable","12":"purchasable","13":"product-type-simple"},"_links":{"self":[{"href":"https:\/\/proacquacasa.com\/de\/wp-json\/wp\/v2\/product\/4464","targetHints":{"allow":["GET"]}}],"collection":[{"href":"https:\/\/proacquacasa.com\/de\/wp-json\/wp\/v2\/product"}],"about":[{"href":"https:\/\/proacquacasa.com\/de\/wp-json\/wp\/v2\/types\/product"}],"replies":[{"embeddable":true,"href":"https:\/\/proacquacasa.com\/de\/wp-json\/wp\/v2\/comments?post=4464"}],"wp:featuredmedia":[{"embeddable":true,"href":"https:\/\/proacquacasa.com\/de\/wp-json\/wp\/v2\/media\/4033"}],"wp:attachment":[{"href":"https:\/\/proacquacasa.com\/de\/wp-json\/wp\/v2\/media?parent=4464"}],"wp:term":[{"taxonomy":"product_brand","embeddable":true,"href":"https:\/\/proacquacasa.com\/de\/wp-json\/wp\/v2\/product_brand?post=4464"},{"taxonomy":"product_cat","embeddable":true,"href":"https:\/\/proacquacasa.com\/de\/wp-json\/wp\/v2\/product_cat?post=4464"},{"taxonomy":"product_tag","embeddable":true,"href":"https:\/\/proacquacasa.com\/de\/wp-json\/wp\/v2\/product_tag?post=4464"}],"curies":[{"name":"wp","href":"https:\/\/api.w.org\/{rel}","templated":true}]}}