{"id":4340,"date":"2025-01-30T08:57:19","date_gmt":"2025-01-30T08:57:19","guid":{"rendered":"https:\/\/proacquacasa.com\/omin-acwg-filtrazione-3-vie-canna-alta-nero-opaco\/"},"modified":"2025-05-02T12:31:59","modified_gmt":"2025-05-02T12:31:59","slug":"omin-raumtemperatur-kalt-und-sprudelnd-aktivkohlefiltration-3-wege-armatur-mit-hohem-auslauf-schwarz-matt","status":"publish","type":"product","link":"https:\/\/proacquacasa.com\/de\/omin-raumtemperatur-kalt-und-sprudelnd-aktivkohlefiltration-3-wege-armatur-mit-hohem-auslauf-schwarz-matt\/","title":{"rendered":"OMIN RAUMTEMPERATUR, KALT und SPRUDELND \u2013 AKTIVKOHLEFILTRATION \u2013 3-WEGE ARMATUR MIT HOHEM AUSLAUF SCHWARZ MATT"},"content":{"rendered":"<p><strong>Farbe<\/strong>: PR08 &#8211; SCHWARZ MATT<\/p>\n<p>OMIN Drei-Wege-Armatur mit hohem Auslauf ist ein Untertisch-Filtersystem mit Drei-Wege-Armatur und hohem Auslauf, ideal f\u00fcr alle, die reines Wasser direkt aus dem eigenen Wasserhahn w\u00fcnschen. Es liefert stilles Wasser bei Raumtemperatur, stilles kaltes Wasser und sprudelndes kaltes Wasser und garantiert maximale Benutzerfreundlichkeit und Qualit\u00e4t. Perfekt f\u00fcr alle, die ein elegantes und effizientes System f\u00fcr die K\u00fcche suchen.<\/p>\n","protected":false},"excerpt":{"rendered":"<p>Farbe: PR08 &#8211; SCHWARZ MATT OMIN Drei-Wege-Armatur mit hohem Auslauf ist ein Untertisch-Filtersystem mit Drei-Wege-Armatur und hohem Auslauf, ideal f\u00fcr alle, die reines Wasser direkt aus dem eigenen Wasserhahn w\u00fcnschen&#8230;.<\/p>\n","protected":false},"featured_media":3945,"comment_status":"closed","ping_status":"closed","template":"","meta":{"inline_featured_image":false},"product_brand":[],"product_cat":[112],"product_tag":[],"class_list":{"0":"post-4340","1":"product","2":"type-product","3":"status-publish","4":"has-post-thumbnail","6":"product_cat-3-wege-hoher-auslauf","8":"first","9":"instock","10":"taxable","11":"shipping-taxable","12":"purchasable","13":"product-type-simple"},"_links":{"self":[{"href":"https:\/\/proacquacasa.com\/de\/wp-json\/wp\/v2\/product\/4340","targetHints":{"allow":["GET"]}}],"collection":[{"href":"https:\/\/proacquacasa.com\/de\/wp-json\/wp\/v2\/product"}],"about":[{"href":"https:\/\/proacquacasa.com\/de\/wp-json\/wp\/v2\/types\/product"}],"replies":[{"embeddable":true,"href":"https:\/\/proacquacasa.com\/de\/wp-json\/wp\/v2\/comments?post=4340"}],"wp:featuredmedia":[{"embeddable":true,"href":"https:\/\/proacquacasa.com\/de\/wp-json\/wp\/v2\/media\/3945"}],"wp:attachment":[{"href":"https:\/\/proacquacasa.com\/de\/wp-json\/wp\/v2\/media?parent=4340"}],"wp:term":[{"taxonomy":"product_brand","embeddable":true,"href":"https:\/\/proacquacasa.com\/de\/wp-json\/wp\/v2\/product_brand?post=4340"},{"taxonomy":"product_cat","embeddable":true,"href":"https:\/\/proacquacasa.com\/de\/wp-json\/wp\/v2\/product_cat?post=4340"},{"taxonomy":"product_tag","embeddable":true,"href":"https:\/\/proacquacasa.com\/de\/wp-json\/wp\/v2\/product_tag?post=4340"}],"curies":[{"name":"wp","href":"https:\/\/api.w.org\/{rel}","templated":true}]}}