{"id":4327,"date":"2025-01-30T08:59:37","date_gmt":"2025-01-30T08:59:37","guid":{"rendered":"https:\/\/proacquacasa.com\/omin-acwg-filtrazione-wlink-elettronico-3-vie-nero-opaco\/"},"modified":"2025-05-02T11:41:20","modified_gmt":"2025-05-02T11:41:20","slug":"omin-raumtemperatur-kalt-und-sprudelnd-aktivkohlefiltration-elektronische-wlink-3-wege-armatur-schwarz-matt","status":"publish","type":"product","link":"https:\/\/proacquacasa.com\/de\/omin-raumtemperatur-kalt-und-sprudelnd-aktivkohlefiltration-elektronische-wlink-3-wege-armatur-schwarz-matt\/","title":{"rendered":"OMIN RAUMTEMPERATUR, KALT und SPRUDELND \u2013 AKTIVKOHLEFILTRATION \u2013 ELEKTRONISCHE WLINK 3-WEGE ARMATUR SCHWARZ MATT"},"content":{"rendered":"<p><strong>Farbe<\/strong>: PR08 &#8211; SCHWARZ MATT<\/p>\n<p>WLINK ist die elektronische Touch-Armatur f\u00fcr die Installation au\u00dferhalb des Sp\u00fclbeckens. Mit einer einfachen Ber\u00fchrung liefert sie mikrofiltriertes Wasser bei Raumtemperatur, kaltes, sprudelndes und hei\u00dfes Wasser und bietet maximale Benutzerfreundlichkeit und Innovation f\u00fcr Ihre K\u00fcche. Elegantes Design und fortschrittliche Technologie vereinen sich f\u00fcr ein unvergleichliches Nutzungserlebnis.<\/p>\n","protected":false},"excerpt":{"rendered":"<p>Farbe: PR08 &#8211; SCHWARZ MATT WLINK ist die elektronische Touch-Armatur f\u00fcr die Installation au\u00dferhalb des Sp\u00fclbeckens. Mit einer einfachen Ber\u00fchrung liefert sie mikrofiltriertes Wasser bei Raumtemperatur, kaltes, sprudelndes und hei\u00dfes&#8230;<\/p>\n","protected":false},"featured_media":4071,"comment_status":"closed","ping_status":"closed","template":"","meta":{"inline_featured_image":false},"product_brand":[],"product_cat":[128],"product_tag":[],"class_list":{"0":"post-4327","1":"product","2":"type-product","3":"status-publish","4":"has-post-thumbnail","6":"product_cat-wlink-3-wege","8":"first","9":"instock","10":"taxable","11":"shipping-taxable","12":"purchasable","13":"product-type-simple"},"_links":{"self":[{"href":"https:\/\/proacquacasa.com\/de\/wp-json\/wp\/v2\/product\/4327","targetHints":{"allow":["GET"]}}],"collection":[{"href":"https:\/\/proacquacasa.com\/de\/wp-json\/wp\/v2\/product"}],"about":[{"href":"https:\/\/proacquacasa.com\/de\/wp-json\/wp\/v2\/types\/product"}],"replies":[{"embeddable":true,"href":"https:\/\/proacquacasa.com\/de\/wp-json\/wp\/v2\/comments?post=4327"}],"wp:featuredmedia":[{"embeddable":true,"href":"https:\/\/proacquacasa.com\/de\/wp-json\/wp\/v2\/media\/4071"}],"wp:attachment":[{"href":"https:\/\/proacquacasa.com\/de\/wp-json\/wp\/v2\/media?parent=4327"}],"wp:term":[{"taxonomy":"product_brand","embeddable":true,"href":"https:\/\/proacquacasa.com\/de\/wp-json\/wp\/v2\/product_brand?post=4327"},{"taxonomy":"product_cat","embeddable":true,"href":"https:\/\/proacquacasa.com\/de\/wp-json\/wp\/v2\/product_cat?post=4327"},{"taxonomy":"product_tag","embeddable":true,"href":"https:\/\/proacquacasa.com\/de\/wp-json\/wp\/v2\/product_tag?post=4327"}],"curies":[{"name":"wp","href":"https:\/\/api.w.org\/{rel}","templated":true}]}}