{"id":4319,"date":"2025-01-30T09:01:33","date_gmt":"2025-01-30T09:01:33","guid":{"rendered":"https:\/\/proacquacasa.com\/omin-cwgh-filtrazione-3-vie-cigno-elettronico-cromo\/"},"modified":"2025-05-02T11:31:26","modified_gmt":"2025-05-02T11:31:26","slug":"omin-kalt-sprudelnd-und-heiss-aktivkohlefiltration-elektronische-3-wege-schwanenhals-armatur-chrom","status":"publish","type":"product","link":"https:\/\/proacquacasa.com\/de\/omin-kalt-sprudelnd-und-heiss-aktivkohlefiltration-elektronische-3-wege-schwanenhals-armatur-chrom\/","title":{"rendered":"OMIN KALT, SPRUDELND und HEISS \u2013 AKTIVKOHLEFILTRATION \u2013 ELEKTRONISCHE 3-WEGE SCHWANENHALS-ARMATUR CHROM"},"content":{"rendered":"<p><strong>Farbe<\/strong>: PR01 &#8211; CHROM<\/p>\n<div class=\"flex max-w-full flex-col flex-grow\">\n<div class=\"min-h-8 text-message relative flex w-full flex-col items-end gap-2 whitespace-normal break-words text-start [.text-message+&amp;]:mt-5\" dir=\"auto\" data-message-author-role=\"assistant\" data-message-id=\"361e4174-edaf-4e0f-8f17-015e5c944ee1\" data-message-model-slug=\"gpt-4o\">\n<div class=\"flex w-full flex-col gap-1 empty:hidden first:pt-[3px]\">\n<div class=\"markdown prose w-full break-words dark:prose-invert light\"><\/div>\n<\/div>\n<\/div>\n<\/div>\n<div class=\"mb-2 flex gap-3 -ml-2\" tabindex=\"0\">\n<div class=\"flex items-center justify-start rounded-xl p-1\">\n<div class=\"flex items-center\">\n<div class=\"flex items-center pb-0\">OMIN Drei-Wege-Cigno Elektronisch ist ein Untertisch-Filtersystem mit einer eleganten elektronischen Drei-Wege-Schwanenhalsarmatur. Es spendet stilles kaltes Wasser, sprudelndes kaltes Wasser und kochendes Wasser und kombiniert fortschrittliche Technologie, raffinierten Stil und h\u00f6chste Benutzerfreundlichkeit f\u00fcr Ihre K\u00fcche.<\/div>\n<\/div>\n<\/div>\n<\/div>\n","protected":false},"excerpt":{"rendered":"<p>Farbe: PR01 &#8211; CHROM OMIN Drei-Wege-Cigno Elektronisch ist ein Untertisch-Filtersystem mit einer eleganten elektronischen Drei-Wege-Schwanenhalsarmatur. Es spendet stilles kaltes Wasser, sprudelndes kaltes Wasser und kochendes Wasser und kombiniert fortschrittliche Technologie,&#8230;<\/p>\n","protected":false},"featured_media":3989,"comment_status":"closed","ping_status":"closed","template":"","meta":{"inline_featured_image":false},"product_brand":[],"product_cat":[118],"product_tag":[],"class_list":{"0":"post-4319","1":"product","2":"type-product","3":"status-publish","4":"has-post-thumbnail","6":"product_cat-3-wege-schwanenhals-elektronisch","8":"first","9":"instock","10":"taxable","11":"shipping-taxable","12":"purchasable","13":"product-type-simple"},"_links":{"self":[{"href":"https:\/\/proacquacasa.com\/de\/wp-json\/wp\/v2\/product\/4319","targetHints":{"allow":["GET"]}}],"collection":[{"href":"https:\/\/proacquacasa.com\/de\/wp-json\/wp\/v2\/product"}],"about":[{"href":"https:\/\/proacquacasa.com\/de\/wp-json\/wp\/v2\/types\/product"}],"replies":[{"embeddable":true,"href":"https:\/\/proacquacasa.com\/de\/wp-json\/wp\/v2\/comments?post=4319"}],"wp:featuredmedia":[{"embeddable":true,"href":"https:\/\/proacquacasa.com\/de\/wp-json\/wp\/v2\/media\/3989"}],"wp:attachment":[{"href":"https:\/\/proacquacasa.com\/de\/wp-json\/wp\/v2\/media?parent=4319"}],"wp:term":[{"taxonomy":"product_brand","embeddable":true,"href":"https:\/\/proacquacasa.com\/de\/wp-json\/wp\/v2\/product_brand?post=4319"},{"taxonomy":"product_cat","embeddable":true,"href":"https:\/\/proacquacasa.com\/de\/wp-json\/wp\/v2\/product_cat?post=4319"},{"taxonomy":"product_tag","embeddable":true,"href":"https:\/\/proacquacasa.com\/de\/wp-json\/wp\/v2\/product_tag?post=4319"}],"curies":[{"name":"wp","href":"https:\/\/api.w.org\/{rel}","templated":true}]}}