{"id":4317,"date":"2025-01-30T09:02:10","date_gmt":"2025-01-30T09:02:10","guid":{"rendered":"https:\/\/proacquacasa.com\/omin-cwgh-filtrazione-3-vie-cigno-elettronico-cromo-spazzolato\/"},"modified":"2025-05-02T10:23:26","modified_gmt":"2025-05-02T10:23:26","slug":"omin-kalt-sprudelnd-und-heiss-aktivkohlefiltration-elektronische-3-wege-schwanenhals-armatur-gebuerstetes-chrom","status":"publish","type":"product","link":"https:\/\/proacquacasa.com\/de\/omin-kalt-sprudelnd-und-heiss-aktivkohlefiltration-elektronische-3-wege-schwanenhals-armatur-gebuerstetes-chrom\/","title":{"rendered":"OMIN KALT, SPRUDELND und HEISS \u2013 AKTIVKOHLEFILTRATION \u2013 ELEKTRONISCHE 3-WEGE SCHWANENHALS-ARMATUR GEB\u00dcRSTETES CHROM"},"content":{"rendered":"<p><strong>Farbe<\/strong>: PR03 &#8211; GEB\u00dcRSTETES CHROM<\/p>\n<p>OMIN Drei-Wege-Cigno Elektronisch ist ein Untertisch-Filtersystem mit einer eleganten elektronischen Drei-Wege-Schwanenhalsarmatur. Es spendet stilles kaltes Wasser, sprudelndes kaltes Wasser und kochendes Wasser und kombiniert fortschrittliche Technologie, raffinierten Stil und h\u00f6chste Benutzerfreundlichkeit f\u00fcr Ihre K\u00fcche.<\/p>\n","protected":false},"excerpt":{"rendered":"<p>Farbe: PR03 &#8211; GEB\u00dcRSTETES CHROM OMIN Drei-Wege-Cigno Elektronisch ist ein Untertisch-Filtersystem mit einer eleganten elektronischen Drei-Wege-Schwanenhalsarmatur. Es spendet stilles kaltes Wasser, sprudelndes kaltes Wasser und kochendes Wasser und kombiniert fortschrittliche&#8230;<\/p>\n","protected":false},"featured_media":3991,"comment_status":"closed","ping_status":"closed","template":"","meta":{"inline_featured_image":false},"product_brand":[],"product_cat":[118],"product_tag":[],"class_list":{"0":"post-4317","1":"product","2":"type-product","3":"status-publish","4":"has-post-thumbnail","6":"product_cat-3-wege-schwanenhals-elektronisch","8":"first","9":"instock","10":"taxable","11":"shipping-taxable","12":"purchasable","13":"product-type-simple"},"_links":{"self":[{"href":"https:\/\/proacquacasa.com\/de\/wp-json\/wp\/v2\/product\/4317","targetHints":{"allow":["GET"]}}],"collection":[{"href":"https:\/\/proacquacasa.com\/de\/wp-json\/wp\/v2\/product"}],"about":[{"href":"https:\/\/proacquacasa.com\/de\/wp-json\/wp\/v2\/types\/product"}],"replies":[{"embeddable":true,"href":"https:\/\/proacquacasa.com\/de\/wp-json\/wp\/v2\/comments?post=4317"}],"wp:featuredmedia":[{"embeddable":true,"href":"https:\/\/proacquacasa.com\/de\/wp-json\/wp\/v2\/media\/3991"}],"wp:attachment":[{"href":"https:\/\/proacquacasa.com\/de\/wp-json\/wp\/v2\/media?parent=4317"}],"wp:term":[{"taxonomy":"product_brand","embeddable":true,"href":"https:\/\/proacquacasa.com\/de\/wp-json\/wp\/v2\/product_brand?post=4317"},{"taxonomy":"product_cat","embeddable":true,"href":"https:\/\/proacquacasa.com\/de\/wp-json\/wp\/v2\/product_cat?post=4317"},{"taxonomy":"product_tag","embeddable":true,"href":"https:\/\/proacquacasa.com\/de\/wp-json\/wp\/v2\/product_tag?post=4317"}],"curies":[{"name":"wp","href":"https:\/\/api.w.org\/{rel}","templated":true}]}}