{"id":4279,"date":"2025-01-30T09:12:09","date_gmt":"2025-01-30T09:12:09","guid":{"rendered":"https:\/\/proacquacasa.com\/omin-cwgh-filtrazione-3-vie-canna-alta-elettronico-nero-opaco\/"},"modified":"2025-05-02T09:10:39","modified_gmt":"2025-05-02T09:10:39","slug":"omin-kalt-sprudelnd-und-heiss-aktivkohlefiltration-elektronische-3-wege-armatur-mit-hohem-auslauf-schwarz-matt","status":"publish","type":"product","link":"https:\/\/proacquacasa.com\/de\/omin-kalt-sprudelnd-und-heiss-aktivkohlefiltration-elektronische-3-wege-armatur-mit-hohem-auslauf-schwarz-matt\/","title":{"rendered":"OMIN KALT, SPRUDELND und HEISS \u2013 AKTIVKOHLEFILTRATION \u2013 ELEKTRONISCHE 3-WEGE ARMATUR MIT HOHEM AUSLAUF SCHWARZ MATT"},"content":{"rendered":"<p><strong>Farbe<\/strong>: PR08 &#8211; SCHWARZ MATT<\/p>\n<p>OMIN Drei-Wege-Armatur mit hohem Auslauf Elektronisch ist ein Untertisch-Filtersystem mit elektronischer Drei-Wege-Armatur und hohem Auslauf, das auf Knopfdruck stets reines Wasser liefert. Es spendet stilles kaltes Wasser, sprudelndes kaltes Wasser und kochendes Wasser und kombiniert fortschrittliche Technologie, elegantes Design und h\u00f6chste Benutzerfreundlichkeit f\u00fcr Ihre K\u00fcche.<\/p>\n","protected":false},"excerpt":{"rendered":"<p>Farbe: PR08 &#8211; SCHWARZ MATT OMIN Drei-Wege-Armatur mit hohem Auslauf Elektronisch ist ein Untertisch-Filtersystem mit elektronischer Drei-Wege-Armatur und hohem Auslauf, das auf Knopfdruck stets reines Wasser liefert. Es spendet stilles&#8230;<\/p>\n","protected":false},"featured_media":3961,"comment_status":"closed","ping_status":"closed","template":"","meta":{"inline_featured_image":false},"product_brand":[],"product_cat":[114],"product_tag":[],"class_list":{"0":"post-4279","1":"product","2":"type-product","3":"status-publish","4":"has-post-thumbnail","6":"product_cat-3-wege-hoher-auslauf-elektronisch","8":"first","9":"instock","10":"taxable","11":"shipping-taxable","12":"purchasable","13":"product-type-simple"},"_links":{"self":[{"href":"https:\/\/proacquacasa.com\/de\/wp-json\/wp\/v2\/product\/4279","targetHints":{"allow":["GET"]}}],"collection":[{"href":"https:\/\/proacquacasa.com\/de\/wp-json\/wp\/v2\/product"}],"about":[{"href":"https:\/\/proacquacasa.com\/de\/wp-json\/wp\/v2\/types\/product"}],"replies":[{"embeddable":true,"href":"https:\/\/proacquacasa.com\/de\/wp-json\/wp\/v2\/comments?post=4279"}],"wp:featuredmedia":[{"embeddable":true,"href":"https:\/\/proacquacasa.com\/de\/wp-json\/wp\/v2\/media\/3961"}],"wp:attachment":[{"href":"https:\/\/proacquacasa.com\/de\/wp-json\/wp\/v2\/media?parent=4279"}],"wp:term":[{"taxonomy":"product_brand","embeddable":true,"href":"https:\/\/proacquacasa.com\/de\/wp-json\/wp\/v2\/product_brand?post=4279"},{"taxonomy":"product_cat","embeddable":true,"href":"https:\/\/proacquacasa.com\/de\/wp-json\/wp\/v2\/product_cat?post=4279"},{"taxonomy":"product_tag","embeddable":true,"href":"https:\/\/proacquacasa.com\/de\/wp-json\/wp\/v2\/product_tag?post=4279"}],"curies":[{"name":"wp","href":"https:\/\/api.w.org\/{rel}","templated":true}]}}