{"id":4272,"date":"2025-01-24T13:51:49","date_gmt":"2025-01-24T13:51:49","guid":{"rendered":"https:\/\/proacquacasa.com\/cartuccia-decalc-per-la-decalcificazione-di-pompa-carbonatore-ed-elettrovalvole\/"},"modified":"2025-05-02T09:02:37","modified_gmt":"2025-05-02T09:02:37","slug":"decalc-patrone","status":"publish","type":"product","link":"https:\/\/proacquacasa.com\/de\/decalc-patrone\/","title":{"rendered":"DECALC PATRONE"},"content":{"rendered":"<p class=\"\" data-start=\"141\" data-end=\"504\">Die <strong data-start=\"144\" data-end=\"164\">DECALC PATRONE<\/strong> ist die ideale L\u00f6sung zur Entfernung von <strong data-start=\"215\" data-end=\"226\">Kalkablagerungen<\/strong> und zur Vermeidung der Ansammlung von <strong data-start=\"253\" data-end=\"276\">Kalziumkarbonat<\/strong> in Ihrem <strong data-start=\"306\" data-end=\"314\">OMDE<\/strong>&#8211; und <strong data-start=\"317\" data-end=\"325\">OMIN<\/strong>-System. Dank ihrer gezielten Wirkung sch\u00fctzt sie das Filtersystem und sorgt f\u00fcr einen optimalen Wasserfluss, wobei Ablagerungen vermieden werden, die die Leistung beeintr\u00e4chtigen k\u00f6nnten.<\/p>\n<ul>\n<li data-start=\"141\" data-end=\"504\"><strong data-start=\"509\" data-end=\"531\">Entfernt Kalk<\/strong>: L\u00f6st Mineralablagerungen und verhindert die Verstopfung des Systems.<\/li>\n<li data-start=\"141\" data-end=\"504\"><strong data-start=\"606\" data-end=\"643\">Erh\u00e4lt die Systemeffizienz<\/strong>: Sch\u00fctzt die Komponenten des Wasseraufbereiters.<\/li>\n<li data-start=\"141\" data-end=\"504\"><strong data-start=\"688\" data-end=\"707\">Einfach zu verwenden<\/strong>: Empfohlen <strong data-start=\"728\" data-end=\"754\">einmal alle 12 Monate<\/strong>, um maximale Effizienz des Systems zu gew\u00e4hrleisten.<\/li>\n<\/ul>\n<h3 class=\"\" data-start=\"918\" data-end=\"972\"><strong data-start=\"922\" data-end=\"970\">Wie verwendet man die DECALC PATRONE?<\/strong><\/h3>\n<p class=\"\" data-start=\"974\" data-end=\"1013\">Die Installation ist schnell und intuitiv:<\/p>\n<ol>\n<li><strong>Wasserzufuhr schlie\u00dfen.<\/strong><\/li>\n<li><strong>Stilles Wasser zapfen<\/strong>, um den Restdruck im Wasserkreislauf zu entfernen.<\/li>\n<li><strong>Bestehenden Filter entfernen.<\/strong><\/li>\n<li><strong>DECALC Patrone einsetzen.<\/strong><\/li>\n<li><strong>Wasserzufuhr \u00f6ffnen<\/strong> und zapfen:\n<ul>\n<li>1 Glas Sprudelwasser,<\/li>\n<li>1 Glas Wasser bei Raumtemperatur,<\/li>\n<li>1 Glas kaltes Wasser,<\/li>\n<li>1 Glas hei\u00dfes Wasser (HOT).<\/li>\n<\/ul>\n<\/li>\n<li><strong>15 Minuten warten.<\/strong><\/li>\n<li><strong>Schritte 5 und 6 dreimal wiederholen<\/strong>, um eine gr\u00fcndliche Entkalkung des Wasserkreislaufs sicherzustellen.<\/li>\n<li><strong>Am Ende des Prozesses:<\/strong>\n<ul>\n<li>Wasserzufuhr schlie\u00dfen.<\/li>\n<li>DECALC Patrone entfernen und entsorgen.<\/li>\n<\/ul>\n<\/li>\n<li><strong>Neuen Filter einsetzen.<\/strong><\/li>\n<li><strong>Wasserzufuhr \u00f6ffnen.<\/strong><\/li>\n<li><strong>Wasserkreislauf sp\u00fclen<\/strong>, indem jeweils 10 Liter Wasser jedes Typs (Raumtemperatur, kalt, sprudelnd und hei\u00df) gezapft werden, beginnend mit Wasser bei Raumtemperatur.<\/li>\n<\/ol>\n<blockquote><p><strong>Hinweis:<\/strong> Falls der Geschmack des Desinfektionsmittels anh\u00e4lt, erneut sp\u00fclen.<\/p><\/blockquote>\n","protected":false},"excerpt":{"rendered":"<p>Die DECALC PATRONE ist die ideale L\u00f6sung zur Entfernung von Kalkablagerungen und zur Vermeidung der Ansammlung von Kalziumkarbonat in Ihrem OMDE&#8211; und OMIN-System. Dank ihrer gezielten Wirkung sch\u00fctzt sie das&#8230;<\/p>\n","protected":false},"featured_media":4091,"comment_status":"closed","ping_status":"closed","template":"","meta":{"inline_featured_image":false},"product_brand":[],"product_cat":[132,134],"product_tag":[],"class_list":{"0":"post-4272","1":"product","2":"type-product","3":"status-publish","4":"has-post-thumbnail","6":"product_cat-ersatzteile-und-zubehoer","7":"product_cat-zubehoer","9":"first","10":"instock","11":"sale","12":"taxable","13":"shipping-taxable","14":"purchasable","15":"product-type-simple"},"_links":{"self":[{"href":"https:\/\/proacquacasa.com\/de\/wp-json\/wp\/v2\/product\/4272","targetHints":{"allow":["GET"]}}],"collection":[{"href":"https:\/\/proacquacasa.com\/de\/wp-json\/wp\/v2\/product"}],"about":[{"href":"https:\/\/proacquacasa.com\/de\/wp-json\/wp\/v2\/types\/product"}],"replies":[{"embeddable":true,"href":"https:\/\/proacquacasa.com\/de\/wp-json\/wp\/v2\/comments?post=4272"}],"wp:featuredmedia":[{"embeddable":true,"href":"https:\/\/proacquacasa.com\/de\/wp-json\/wp\/v2\/media\/4091"}],"wp:attachment":[{"href":"https:\/\/proacquacasa.com\/de\/wp-json\/wp\/v2\/media?parent=4272"}],"wp:term":[{"taxonomy":"product_brand","embeddable":true,"href":"https:\/\/proacquacasa.com\/de\/wp-json\/wp\/v2\/product_brand?post=4272"},{"taxonomy":"product_cat","embeddable":true,"href":"https:\/\/proacquacasa.com\/de\/wp-json\/wp\/v2\/product_cat?post=4272"},{"taxonomy":"product_tag","embeddable":true,"href":"https:\/\/proacquacasa.com\/de\/wp-json\/wp\/v2\/product_tag?post=4272"}],"curies":[{"name":"wp","href":"https:\/\/api.w.org\/{rel}","templated":true}]}}