{"id":4266,"date":"2024-12-05T14:30:12","date_gmt":"2024-12-05T14:30:12","guid":{"rendered":"https:\/\/proacquacasa.com\/cartuccia-sanitizer-per-la-sanificazione-dei-circuiti-idraulici\/"},"modified":"2025-05-02T09:01:43","modified_gmt":"2025-05-02T09:01:43","slug":"sanitizer-patrone","status":"publish","type":"product","link":"https:\/\/proacquacasa.com\/de\/sanitizer-patrone\/","title":{"rendered":"SANITIZER PATRONE"},"content":{"rendered":"<p class=\"\" data-start=\"142\" data-end=\"547\">Die <strong data-start=\"145\" data-end=\"167\">SANITIZER PATRONE<\/strong> ist die ideale L\u00f6sung, um Ihre <strong data-start=\"222\" data-end=\"230\">OMDE<\/strong>&#8211; und <strong data-start=\"233\" data-end=\"241\">OMIN<\/strong>-Anlagen stets hygienisch sauber und sicher zu halten. Dank ihrer leistungsstarken desinfizierenden Wirkung entfernt sie zuverl\u00e4ssig <strong data-start=\"337\" data-end=\"357\">pathogene Bakterien<\/strong> wie <em data-start=\"363\" data-end=\"428\">Pseudomonas aeruginosa, Staphylococcus aureus, Escherichia coli<\/em> und <em data-start=\"432\" data-end=\"454\">Enterococcus faecium<\/em> und verhindert die Bildung von Biofilm und Kontaminationen im Wasserkreislauf.<\/p>\n<ul>\n<li data-start=\"549\" data-end=\"815\"><strong data-start=\"552\" data-end=\"586\">Entfernung von Bakterien und Biofilm<\/strong>: Desinfiziert das gesamte System gr\u00fcndlich.<\/li>\n<li data-start=\"549\" data-end=\"815\"><strong data-start=\"635\" data-end=\"656\">Maximale Sicherheit<\/strong>: Verhindert die Vermehrung von Krankheitserregern.<\/li>\n<li data-start=\"549\" data-end=\"815\"><strong data-start=\"710\" data-end=\"729\">Einfach anzuwenden<\/strong>: Empfohlen <strong data-start=\"750\" data-end=\"776\">einmal alle 12 Monate<\/strong>, um die Wasserqualit\u00e4t zu gew\u00e4hrleisten.<\/li>\n<\/ul>\n<p><strong>GEBRAUCHSANWEISUNG<\/strong><\/p>\n<ol>\n<li><strong>Wasserzufuhr schlie\u00dfen.<\/strong><\/li>\n<li><strong>Stilles Wasser zapfen<\/strong>, um Restdruck im Leitungssystem zu entfernen.<\/li>\n<li><strong>Bestehenden Filter entfernen.<\/strong><\/li>\n<li><strong>SANITIZER Patrone einsetzen.<\/strong><\/li>\n<li><strong>Wasserzufuhr \u00f6ffnen<\/strong> und zapfen:\n<ul>\n<li>1 Glas Sprudelwasser,<\/li>\n<li>1 Glas Wasser bei Raumtemperatur,<\/li>\n<li>1 Glas kaltes Wasser,<\/li>\n<li>1 Glas hei\u00dfes Wasser (HOT).<\/li>\n<\/ul>\n<\/li>\n<li><strong>15 Minuten warten.<\/strong><\/li>\n<li><strong>Schritte 5 und 6 dreimal wiederholen<\/strong>, um eine gr\u00fcndliche Desinfektion sicherzustellen.<\/li>\n<li><strong>Nach Abschluss der Desinfektion:<\/strong>\n<ul>\n<li>Wasserzufuhr schlie\u00dfen.<\/li>\n<li>SANITIZER Patrone entfernen und entsorgen.<\/li>\n<\/ul>\n<\/li>\n<li><strong>Neuen Filter einsetzen.<\/strong><\/li>\n<li><strong>Wasserzufuhr \u00f6ffnen.<\/strong><\/li>\n<li><strong>System durchsp\u00fclen<\/strong>, indem jeweils 10 Liter Wasser jedes Typs (Raumtemperatur, kalt, sprudelnd und hei\u00df) gezapft werden, beginnend mit Wasser bei Raumtemperatur.<\/li>\n<\/ol>\n<blockquote><p><strong>Hinweis:<\/strong> Falls der Geschmack des Desinfektionsmittels anh\u00e4lt, erneut gr\u00fcndlich sp\u00fclen.<\/p><\/blockquote>\n","protected":false},"excerpt":{"rendered":"<p>Die SANITIZER PATRONE ist die ideale L\u00f6sung, um Ihre OMDE&#8211; und OMIN-Anlagen stets hygienisch sauber und sicher zu halten. Dank ihrer leistungsstarken desinfizierenden Wirkung entfernt sie zuverl\u00e4ssig pathogene Bakterien wie&#8230;<\/p>\n","protected":false},"featured_media":4141,"comment_status":"closed","ping_status":"closed","template":"","meta":{"inline_featured_image":false},"product_brand":[],"product_cat":[132,134],"product_tag":[],"class_list":{"0":"post-4266","1":"product","2":"type-product","3":"status-publish","4":"has-post-thumbnail","6":"product_cat-ersatzteile-und-zubehoer","7":"product_cat-zubehoer","9":"first","10":"instock","11":"sale","12":"taxable","13":"shipping-taxable","14":"purchasable","15":"product-type-simple"},"_links":{"self":[{"href":"https:\/\/proacquacasa.com\/de\/wp-json\/wp\/v2\/product\/4266","targetHints":{"allow":["GET"]}}],"collection":[{"href":"https:\/\/proacquacasa.com\/de\/wp-json\/wp\/v2\/product"}],"about":[{"href":"https:\/\/proacquacasa.com\/de\/wp-json\/wp\/v2\/types\/product"}],"replies":[{"embeddable":true,"href":"https:\/\/proacquacasa.com\/de\/wp-json\/wp\/v2\/comments?post=4266"}],"wp:featuredmedia":[{"embeddable":true,"href":"https:\/\/proacquacasa.com\/de\/wp-json\/wp\/v2\/media\/4141"}],"wp:attachment":[{"href":"https:\/\/proacquacasa.com\/de\/wp-json\/wp\/v2\/media?parent=4266"}],"wp:term":[{"taxonomy":"product_brand","embeddable":true,"href":"https:\/\/proacquacasa.com\/de\/wp-json\/wp\/v2\/product_brand?post=4266"},{"taxonomy":"product_cat","embeddable":true,"href":"https:\/\/proacquacasa.com\/de\/wp-json\/wp\/v2\/product_cat?post=4266"},{"taxonomy":"product_tag","embeddable":true,"href":"https:\/\/proacquacasa.com\/de\/wp-json\/wp\/v2\/product_tag?post=4266"}],"curies":[{"name":"wp","href":"https:\/\/api.w.org\/{rel}","templated":true}]}}