{"id":4264,"date":"2024-12-05T14:45:59","date_gmt":"2024-12-05T14:45:59","guid":{"rendered":"https:\/\/proacquacasa.com\/filtro-proacqua-s\/"},"modified":"2025-05-02T09:00:32","modified_gmt":"2025-05-02T09:00:32","slug":"mikrofiltration-mit-natuerlicher-aktivkohle","status":"publish","type":"product","link":"https:\/\/proacquacasa.com\/de\/mikrofiltration-mit-natuerlicher-aktivkohle\/","title":{"rendered":"MIKROFILTRATION MIT NAT\u00dcRLICHER AKTIVKOHLE"},"content":{"rendered":"<p>Filter mit Mikrofiltration (Porosit\u00e4t 5 Mikron) und nat\u00fcrlicher Aktivkohle aus Kokosnussschalen.<\/p>\n<p><strong>FILTERPATRONE &#8211; GESINTERTER CARBON BLOCK<\/strong><\/p>\n<p><strong>Maximale Lebensdauer:<\/strong> 6.000 Liter oder 12 Monate.<\/p>\n<h3><strong>Allgemeine Eigenschaften:<\/strong><\/h3>\n<ul>\n<li><strong>Typ:<\/strong> Schnellwechsel-Patrone.<\/li>\n<li><strong>Filterung:<\/strong> Gesinterter Carbon Block zur Entfernung von:\n<ul>\n<li>Unerw\u00fcnschten Geschmacks- und Geruchsstoffen.<\/li>\n<li>Tr\u00fcbung.<\/li>\n<li>Chlor.<\/li>\n<li>Partikeln bis 5 Mikron.<\/li>\n<\/ul>\n<\/li>\n<li><strong>Antibakterielle Wirkung:<\/strong> Gew\u00e4hrleistet eine wirksame Filtration f\u00fcr Trinkwasser.<\/li>\n<\/ul>\n<h3><strong>Verwendungszweck:<\/strong><\/h3>\n<ul>\n<li>Geeignet f\u00fcr die <strong>Aufbereitung von Trinkwasser<\/strong>, gem\u00e4\u00df DM 443\/990 Art. 2 Abs. 8.<\/li>\n<li><strong>Warnhinweise:<\/strong>\n<ul>\n<li>Nicht mit mikrobiologisch verunreinigtem oder unbekanntem Wasser verwenden, au\u00dfer nach entsprechender Desinfektion vor und nach der Installation.<\/li>\n<\/ul>\n<\/li>\n<\/ul>\n<h3><strong>Leistung:<\/strong><\/h3>\n<ul>\n<li><strong>Maximale Kapazit\u00e4t:<\/strong> 6.000 Liter.<\/li>\n<li><strong>Maximale Durchflussmenge:<\/strong> 1,9 Liter pro Minute.<\/li>\n<li><strong>Hinweis:<\/strong> Leistung kann je nach Wasserqualit\u00e4t variieren.<\/li>\n<li><strong>Austausch:<\/strong>\n<ul>\n<li>Bei Erreichen der maximalen Kapazit\u00e4t.<\/li>\n<li>Wenn der Wasserfluss deutlich nachl\u00e4sst.<\/li>\n<li>Sp\u00e4testens 12 Monate nach Installation.<\/li>\n<\/ul>\n<\/li>\n<\/ul>\n<h3><strong>Technische Spezifikationen:<\/strong><\/h3>\n<ul>\n<li><strong>Betriebsdruck:<\/strong>\n<ul>\n<li>Minimal: 0,06 MPa (0,6 bar).<\/li>\n<li>Maximal: 0,6 MPa (6 bar).<\/li>\n<\/ul>\n<\/li>\n<li><strong>Wassertemperatur:<\/strong>\n<ul>\n<li>Minimal: 4,4\u00b0C (40\u00b0F).<\/li>\n<li>Maximal: 38\u00b0C (140\u00b0F).<\/li>\n<\/ul>\n<\/li>\n<\/ul>\n<h3><strong>Materialien:<\/strong><\/h3>\n<ul>\n<li><strong>Filtermedium:<\/strong> Gesinterter Carbon Block.<\/li>\n<li><strong>Geh\u00e4use:<\/strong> Verst\u00e4rktes Polypropylen.<\/li>\n<li><strong>O-Ring:<\/strong> EPDM PA.<\/li>\n<\/ul>\n<p><strong>Hinweis:<\/strong> F\u00fcr maximale Effizienz bitte die Wartungs- und Austauschhinweise beachten.<\/p>\n","protected":false},"excerpt":{"rendered":"<p>Filter mit Mikrofiltration (Porosit\u00e4t 5 Mikron) und nat\u00fcrlicher Aktivkohle aus Kokosnussschalen. FILTERPATRONE &#8211; GESINTERTER CARBON BLOCK Maximale Lebensdauer: 6.000 Liter oder 12 Monate. Allgemeine Eigenschaften: Typ: Schnellwechsel-Patrone. Filterung: Gesinterter Carbon&#8230;<\/p>\n","protected":false},"featured_media":4099,"comment_status":"closed","ping_status":"closed","template":"","meta":{"inline_featured_image":false},"product_brand":[],"product_cat":[132,138],"product_tag":[],"class_list":{"0":"post-4264","1":"product","2":"type-product","3":"status-publish","4":"has-post-thumbnail","6":"product_cat-ersatzteile-und-zubehoer","7":"product_cat-filter","9":"first","10":"instock","11":"taxable","12":"shipping-taxable","13":"purchasable","14":"product-type-simple"},"_links":{"self":[{"href":"https:\/\/proacquacasa.com\/de\/wp-json\/wp\/v2\/product\/4264","targetHints":{"allow":["GET"]}}],"collection":[{"href":"https:\/\/proacquacasa.com\/de\/wp-json\/wp\/v2\/product"}],"about":[{"href":"https:\/\/proacquacasa.com\/de\/wp-json\/wp\/v2\/types\/product"}],"replies":[{"embeddable":true,"href":"https:\/\/proacquacasa.com\/de\/wp-json\/wp\/v2\/comments?post=4264"}],"wp:featuredmedia":[{"embeddable":true,"href":"https:\/\/proacquacasa.com\/de\/wp-json\/wp\/v2\/media\/4099"}],"wp:attachment":[{"href":"https:\/\/proacquacasa.com\/de\/wp-json\/wp\/v2\/media?parent=4264"}],"wp:term":[{"taxonomy":"product_brand","embeddable":true,"href":"https:\/\/proacquacasa.com\/de\/wp-json\/wp\/v2\/product_brand?post=4264"},{"taxonomy":"product_cat","embeddable":true,"href":"https:\/\/proacquacasa.com\/de\/wp-json\/wp\/v2\/product_cat?post=4264"},{"taxonomy":"product_tag","embeddable":true,"href":"https:\/\/proacquacasa.com\/de\/wp-json\/wp\/v2\/product_tag?post=4264"}],"curies":[{"name":"wp","href":"https:\/\/api.w.org\/{rel}","templated":true}]}}