{"id":4362,"date":"2024-08-27T09:53:47","date_gmt":"2024-08-27T09:53:47","guid":{"rendered":"https:\/\/proacquacasa.com\/privacy-policy\/"},"modified":"2025-05-02T13:04:52","modified_gmt":"2025-05-02T13:04:52","slug":"privacy-policy","status":"publish","type":"page","link":"https:\/\/proacquacasa.com\/de\/privacy-policy\/","title":{"rendered":"Privacy Policy"},"content":{"rendered":"[vc_row type=&#8220;in_container&#8220; full_screen_row_position=&#8220;middle&#8220; column_margin=&#8220;default&#8220; column_direction=&#8220;default&#8220; column_direction_tablet=&#8220;default&#8220; column_direction_phone=&#8220;default&#8220; scene_position=&#8220;center&#8220; top_padding=&#8220;8%&#8220; text_color=&#8220;dark&#8220; text_align=&#8220;left&#8220; row_border_radius=&#8220;none&#8220; row_border_radius_applies=&#8220;bg&#8220; overflow=&#8220;visible&#8220; overlay_strength=&#8220;0.3&#8243; gradient_direction=&#8220;left_to_right&#8220; shape_divider_position=&#8220;bottom&#8220; bg_image_animation=&#8220;none&#8220; gradient_type=&#8220;default&#8220; shape_type=&#8220;&#8220;][vc_column column_padding=&#8220;no-extra-padding&#8220; column_padding_tablet=&#8220;inherit&#8220; column_padding_phone=&#8220;inherit&#8220; column_padding_position=&#8220;all&#8220; column_element_direction_desktop=&#8220;default&#8220; column_element_spacing=&#8220;default&#8220; desktop_text_alignment=&#8220;default&#8220; tablet_text_alignment=&#8220;default&#8220; phone_text_alignment=&#8220;default&#8220; background_color_opacity=&#8220;1&#8243; background_hover_color_opacity=&#8220;1&#8243; column_backdrop_filter=&#8220;none&#8220; column_shadow=&#8220;none&#8220; column_border_radius=&#8220;none&#8220; column_link_target=&#8220;_self&#8220; column_position=&#8220;default&#8220; gradient_direction=&#8220;left_to_right&#8220; overlay_strength=&#8220;0.3&#8243; width=&#8220;1\/1&#8243; tablet_width_inherit=&#8220;default&#8220; animation_type=&#8220;default&#8220; bg_image_animation=&#8220;none&#8220; border_type=&#8220;simple&#8220; column_border_width=&#8220;none&#8220; column_border_style=&#8220;solid&#8220;][split_line_heading animation_type=&#8220;line-reveal-by-space&#8220; font_style=&#8220;h1&#8243; line_reveal_by_space_text_effect=&#8220;default&#8220; content_alignment=&#8220;default&#8220; mobile_content_alignment=&#8220;inherit&#8220; link_target=&#8220;_self&#8220; text_content=&#8220;Privacy policy&#8220; text_direction=&#8220;default&#8220;][\/split_line_heading][\/vc_column][\/vc_row][vc_row type=&#8220;in_container&#8220; full_screen_row_position=&#8220;middle&#8220; column_margin=&#8220;default&#8220; column_direction=&#8220;default&#8220; column_direction_tablet=&#8220;default&#8220; column_direction_phone=&#8220;default&#8220; scene_position=&#8220;center&#8220; bottom_padding=&#8220;8%&#8220; text_color=&#8220;dark&#8220; text_align=&#8220;left&#8220; row_border_radius=&#8220;none&#8220; row_border_radius_applies=&#8220;bg&#8220; overflow=&#8220;visible&#8220; overlay_strength=&#8220;0.3&#8243; gradient_direction=&#8220;left_to_right&#8220; shape_divider_position=&#8220;bottom&#8220; bg_image_animation=&#8220;none&#8220; gradient_type=&#8220;default&#8220; shape_type=&#8220;&#8220;][vc_column column_padding=&#8220;no-extra-padding&#8220; column_padding_tablet=&#8220;inherit&#8220; column_padding_phone=&#8220;inherit&#8220; column_padding_position=&#8220;all&#8220; column_element_direction_desktop=&#8220;default&#8220; column_element_spacing=&#8220;default&#8220; desktop_text_alignment=&#8220;default&#8220; tablet_text_alignment=&#8220;default&#8220; phone_text_alignment=&#8220;default&#8220; background_color_opacity=&#8220;1&#8243; background_hover_color_opacity=&#8220;1&#8243; column_backdrop_filter=&#8220;none&#8220; column_shadow=&#8220;none&#8220; column_border_radius=&#8220;none&#8220; column_link_target=&#8220;_self&#8220; column_position=&#8220;default&#8220; gradient_direction=&#8220;left_to_right&#8220; overlay_strength=&#8220;0.3&#8243; width=&#8220;1\/1&#8243; tablet_width_inherit=&#8220;default&#8220; animation_type=&#8220;default&#8220; bg_image_animation=&#8220;none&#8220; border_type=&#8220;simple&#8220; column_border_width=&#8220;none&#8220; column_border_style=&#8220;solid&#8220;][vc_column_text css=&#8220;&#8220; text_direction=&#8220;default&#8220;]\n<p class=\"p1\"><b>Dieses Dokument kann \u00fcber den Druckbefehl in den Einstellungen jedes Browsers ausgedruckt werden.<\/b><b><\/b><\/p>\n<p class=\"p1\"><b>Verantwortlicher f\u00fcr die Datenverarbeitung<\/b><b><\/b><\/p>\n<p class=\"p1\"><b>PROACQUA GROUP S.R.L.<\/b><b><\/b><\/p>\n<p class=\"p3\">Umsatzsteuer-Identifikationsnummer: 01917520221<\/p>\n<p class=\"p3\">Steuernummer: 01917520221<\/p>\n<p class=\"p3\">Adresse: VIA DEL GARDA, 44<\/p>\n<p class=\"p3\">Postleitzahl: 38068<\/p>\n<p class=\"p3\">Stadt: ROVERETO (TN)<\/p>\n<p class=\"p3\">E-Mail-Adresse des Verantwortlichen: info@proacqua.it<\/p>\n<p class=\"p1\"><b>Arten der erhobenen Daten<\/b><b><\/b><\/p>\n<p class=\"p3\">Zu den personenbezogenen Daten, die von dieser Website entweder eigenst\u00e4ndig oder durch Dritte erhoben werden, geh\u00f6ren: Nutzungsdaten; Cookies; Vorname; Nachname; Telefonnummer; Adresse; Provinz; E-Mail; Postleitzahl; verschiedene Arten von Daten; Stadt.<\/p>\n<p class=\"p3\">Vollst\u00e4ndige Details zu jeder Art der erhobenen personenbezogenen Daten werden in den entsprechenden Abschnitten dieser Datenschutzerkl\u00e4rung oder durch spezifische erl\u00e4uternde Texte bereitgestellt, die vor der Datenerhebung angezeigt werden.<\/p>\n<p class=\"p3\">Personenbezogene Daten k\u00f6nnen vom Nutzer freiwillig bereitgestellt werden oder, im Falle von Nutzungsdaten, automatisch bei der Nutzung dieser Website erhoben werden.<\/p>\n<p class=\"p3\">Sofern nicht anders angegeben, sind alle von dieser Website angeforderten Daten obligatorisch. Wenn der Nutzer sich weigert, diese bereitzustellen, kann es unm\u00f6glich sein, dass diese Website den Dienst bereitstellt. In F\u00e4llen, in denen diese Website einige Daten als optional angibt, steht es den Nutzern frei, solche Daten nicht bereitzustellen, ohne dass dies Auswirkungen auf die Verf\u00fcgbarkeit oder Funktionalit\u00e4t des Dienstes hat.<\/p>\n<p class=\"p3\">Nutzer, die Zweifel daran haben, welche Daten obligatorisch sind, werden ermutigt, den Verantwortlichen zu kontaktieren.<\/p>\n<p class=\"p3\">Die m\u00f6gliche Verwendung von Cookies \u2013 oder anderen Tracking-Tools \u2013 durch diese Website oder durch Drittanbieter, die von dieser Website genutzt werden, dient der Bereitstellung des vom Nutzer angeforderten Dienstes sowie anderen in diesem Dokument und in der Cookie-Richtlinie beschriebenen Zwecken.<\/p>\n<p class=\"p3\">Der Nutzer \u00fcbernimmt die Verantwortung f\u00fcr die personenbezogenen Daten Dritter, die \u00fcber diese Website ver\u00f6ffentlicht oder geteilt werden.<\/p>\n<p class=\"p1\"><b>Methoden und Ort der Datenverarbeitung<\/b><b><\/b><\/p>\n<p class=\"p1\"><b>Verarbeitungsmethoden<\/b><b><\/b><\/p>\n<p class=\"p3\">Der Verantwortliche ergreift geeignete Sicherheitsma\u00dfnahmen, um den unbefugten Zugriff, die Offenlegung, \u00c4nderung oder Zerst\u00f6rung personenbezogener Daten zu verhindern.<\/p>\n<p class=\"p3\">Die Verarbeitung erfolgt mittels IT- und\/oder telematischer Tools, mit organisatorischen Methoden und Logiken, die eng mit den angegebenen Zwecken verbunden sind. Zus\u00e4tzlich zum Verantwortlichen k\u00f6nnen in einigen F\u00e4llen andere an der Organisation dieser Website beteiligte Personen (Verwaltungs-, Handels-, Marketing-, Rechts-, Systemadministratoren) oder externe Parteien (wie Drittanbieter technischer Dienstleistungen, Postdienstleister, Hosting-Anbieter, IT-Unternehmen, Kommunikationsagenturen) Zugang zu den Daten haben, die gegebenenfalls vom Verantwortlichen als Auftragsverarbeiter benannt wurden. Die aktualisierte Liste der Auftragsverarbeiter kann jederzeit beim Verantwortlichen angefordert werden.<\/p>\n<p class=\"p1\"><b>Ort<\/b><b><\/b><\/p>\n<p class=\"p3\">Die Daten werden am operativen Sitz des Verantwortlichen und an jedem anderen Ort verarbeitet, an dem sich die an der Verarbeitung beteiligten Parteien befinden. F\u00fcr weitere Informationen kontaktieren Sie bitte den Verantwortlichen.<\/p>\n<p class=\"p3\">Die personenbezogenen Daten des Nutzers k\u00f6nnen in ein anderes Land \u00fcbertragen werden als das, in dem sich der Nutzer befindet. Um weitere Informationen \u00fcber den Ort der Verarbeitung zu erhalten, kann der Nutzer den Abschnitt \u00fcber Details zur Verarbeitung personenbezogener Daten konsultieren.<\/p>\n<p class=\"p1\"><b>Aufbewahrungsdauer<\/b><b><\/b><\/p>\n<p class=\"p3\">Sofern in diesem Dokument nicht anders angegeben, werden personenbezogene Daten f\u00fcr die Zeit verarbeitet und gespeichert, die f\u00fcr den Zweck, f\u00fcr den sie erhoben wurden, erforderlich ist, und k\u00f6nnen aufgrund gesetzlicher Verpflichtungen oder auf Grundlage der Einwilligung des Nutzers f\u00fcr einen l\u00e4ngeren Zeitraum aufbewahrt werden.<\/p>\n[\/vc_column_text][\/vc_column][\/vc_row][vc_row type=&#8220;in_container&#8220; full_screen_row_position=&#8220;middle&#8220; column_margin=&#8220;default&#8220; column_direction=&#8220;default&#8220; column_direction_tablet=&#8220;default&#8220; column_direction_phone=&#8220;default&#8220; scene_position=&#8220;center&#8220; text_color=&#8220;dark&#8220; text_align=&#8220;left&#8220; row_border_radius=&#8220;none&#8220; row_border_radius_applies=&#8220;bg&#8220; overflow=&#8220;visible&#8220; overlay_strength=&#8220;0.3&#8243; gradient_direction=&#8220;left_to_right&#8220; shape_divider_position=&#8220;bottom&#8220; bg_image_animation=&#8220;none&#8220;][vc_column column_padding=&#8220;no-extra-padding&#8220; column_padding_tablet=&#8220;inherit&#8220; column_padding_phone=&#8220;inherit&#8220; column_padding_position=&#8220;all&#8220; column_element_direction_desktop=&#8220;default&#8220; column_element_spacing=&#8220;default&#8220; desktop_text_alignment=&#8220;default&#8220; tablet_text_alignment=&#8220;default&#8220; phone_text_alignment=&#8220;default&#8220; background_color_opacity=&#8220;1&#8243; background_hover_color_opacity=&#8220;1&#8243; column_backdrop_filter=&#8220;none&#8220; column_shadow=&#8220;none&#8220; column_border_radius=&#8220;none&#8220; column_link_target=&#8220;_self&#8220; column_position=&#8220;default&#8220; gradient_direction=&#8220;left_to_right&#8220; overlay_strength=&#8220;0.3&#8243; width=&#8220;1\/1&#8243; tablet_width_inherit=&#8220;default&#8220; animation_type=&#8220;default&#8220; bg_image_animation=&#8220;none&#8220; border_type=&#8220;simple&#8220; column_border_width=&#8220;none&#8220; column_border_style=&#8220;solid&#8220;][vc_column_text]\n[\/vc_column_text][\/vc_column][\/vc_row]\n","protected":false},"excerpt":{"rendered":"<p>[vc_row type=&#8220;in_container&#8220; full_screen_row_position=&#8220;middle&#8220; column_margin=&#8220;default&#8220; column_direction=&#8220;default&#8220; column_direction_tablet=&#8220;default&#8220; column_direction_phone=&#8220;default&#8220; scene_position=&#8220;center&#8220; top_padding=&#8220;8%&#8220; text_color=&#8220;dark&#8220; text_align=&#8220;left&#8220; row_border_radius=&#8220;none&#8220; row_border_radius_applies=&#8220;bg&#8220; overflow=&#8220;visible&#8220; overlay_strength=&#8220;0.3&#8243; gradient_direction=&#8220;left_to_right&#8220; shape_divider_position=&#8220;bottom&#8220; bg_image_animation=&#8220;none&#8220; gradient_type=&#8220;default&#8220; shape_type=&#8220;&#8220;][vc_column column_padding=&#8220;no-extra-padding&#8220; column_padding_tablet=&#8220;inherit&#8220; column_padding_phone=&#8220;inherit&#8220; column_padding_position=&#8220;all&#8220; column_element_direction_desktop=&#8220;default&#8220; column_element_spacing=&#8220;default&#8220; desktop_text_alignment=&#8220;default&#8220; tablet_text_alignment=&#8220;default&#8220; phone_text_alignment=&#8220;default&#8220; background_color_opacity=&#8220;1&#8243;&#8230;<\/p>\n","protected":false},"author":1,"featured_media":0,"parent":0,"menu_order":0,"comment_status":"closed","ping_status":"closed","template":"","meta":{"inline_featured_image":false,"footnotes":""},"class_list":["post-4362","page","type-page","status-publish"],"_links":{"self":[{"href":"https:\/\/proacquacasa.com\/de\/wp-json\/wp\/v2\/pages\/4362","targetHints":{"allow":["GET"]}}],"collection":[{"href":"https:\/\/proacquacasa.com\/de\/wp-json\/wp\/v2\/pages"}],"about":[{"href":"https:\/\/proacquacasa.com\/de\/wp-json\/wp\/v2\/types\/page"}],"author":[{"embeddable":true,"href":"https:\/\/proacquacasa.com\/de\/wp-json\/wp\/v2\/users\/1"}],"replies":[{"embeddable":true,"href":"https:\/\/proacquacasa.com\/de\/wp-json\/wp\/v2\/comments?post=4362"}],"version-history":[{"count":1,"href":"https:\/\/proacquacasa.com\/de\/wp-json\/wp\/v2\/pages\/4362\/revisions"}],"predecessor-version":[{"id":4365,"href":"https:\/\/proacquacasa.com\/de\/wp-json\/wp\/v2\/pages\/4362\/revisions\/4365"}],"wp:attachment":[{"href":"https:\/\/proacquacasa.com\/de\/wp-json\/wp\/v2\/media?parent=4362"}],"curies":[{"name":"wp","href":"https:\/\/api.w.org\/{rel}","templated":true}]}}