{"id":4348,"date":"2024-09-19T07:43:58","date_gmt":"2024-09-19T07:43:58","guid":{"rendered":"https:\/\/proacquacasa.com\/modalita-di-pagamento\/"},"modified":"2025-05-02T12:48:24","modified_gmt":"2025-05-02T12:48:24","slug":"zahlungsarten","status":"publish","type":"page","link":"https:\/\/proacquacasa.com\/de\/zahlungsarten\/","title":{"rendered":"Zahlungsarten"},"content":{"rendered":"[vc_row type=&#8220;in_container&#8220; full_screen_row_position=&#8220;middle&#8220; column_margin=&#8220;default&#8220; column_direction=&#8220;default&#8220; column_direction_tablet=&#8220;default&#8220; column_direction_phone=&#8220;default&#8220; scene_position=&#8220;center&#8220; top_padding=&#8220;8%&#8220; text_color=&#8220;dark&#8220; text_align=&#8220;left&#8220; row_border_radius=&#8220;none&#8220; row_border_radius_applies=&#8220;bg&#8220; overflow=&#8220;visible&#8220; overlay_strength=&#8220;0.3&#8243; gradient_direction=&#8220;left_to_right&#8220; shape_divider_position=&#8220;bottom&#8220; bg_image_animation=&#8220;none&#8220; gradient_type=&#8220;default&#8220; shape_type=&#8220;&#8220;][vc_column column_padding=&#8220;no-extra-padding&#8220; column_padding_tablet=&#8220;inherit&#8220; column_padding_phone=&#8220;inherit&#8220; column_padding_position=&#8220;all&#8220; column_element_direction_desktop=&#8220;default&#8220; column_element_spacing=&#8220;default&#8220; desktop_text_alignment=&#8220;default&#8220; tablet_text_alignment=&#8220;default&#8220; phone_text_alignment=&#8220;default&#8220; background_color_opacity=&#8220;1&#8243; background_hover_color_opacity=&#8220;1&#8243; column_backdrop_filter=&#8220;none&#8220; column_shadow=&#8220;none&#8220; column_border_radius=&#8220;none&#8220; column_link_target=&#8220;_self&#8220; column_position=&#8220;default&#8220; gradient_direction=&#8220;left_to_right&#8220; overlay_strength=&#8220;0.3&#8243; width=&#8220;1\/1&#8243; tablet_width_inherit=&#8220;default&#8220; animation_type=&#8220;default&#8220; bg_image_animation=&#8220;none&#8220; border_type=&#8220;simple&#8220; column_border_width=&#8220;none&#8220; column_border_style=&#8220;solid&#8220;][split_line_heading animation_type=&#8220;line-reveal-by-space&#8220; font_style=&#8220;h1&#8243; line_reveal_by_space_text_effect=&#8220;default&#8220; content_alignment=&#8220;default&#8220; mobile_content_alignment=&#8220;inherit&#8220; link_target=&#8220;_self&#8220; text_content=&#8220;Zahlungsarten&#8220; text_direction=&#8220;default&#8220;][\/split_line_heading][\/vc_column][\/vc_row][vc_row type=&#8220;in_container&#8220; full_screen_row_position=&#8220;middle&#8220; column_margin=&#8220;default&#8220; column_direction=&#8220;default&#8220; column_direction_tablet=&#8220;default&#8220; column_direction_phone=&#8220;default&#8220; scene_position=&#8220;center&#8220; bottom_padding=&#8220;8%&#8220; text_color=&#8220;dark&#8220; text_align=&#8220;left&#8220; row_border_radius=&#8220;none&#8220; row_border_radius_applies=&#8220;bg&#8220; overflow=&#8220;visible&#8220; overlay_strength=&#8220;0.3&#8243; gradient_direction=&#8220;left_to_right&#8220; shape_divider_position=&#8220;bottom&#8220; bg_image_animation=&#8220;none&#8220; gradient_type=&#8220;default&#8220; shape_type=&#8220;&#8220;][vc_column column_padding=&#8220;no-extra-padding&#8220; column_padding_tablet=&#8220;inherit&#8220; column_padding_phone=&#8220;inherit&#8220; column_padding_position=&#8220;all&#8220; column_element_direction_desktop=&#8220;default&#8220; column_element_spacing=&#8220;default&#8220; desktop_text_alignment=&#8220;default&#8220; tablet_text_alignment=&#8220;default&#8220; phone_text_alignment=&#8220;default&#8220; background_color_opacity=&#8220;1&#8243; background_hover_color_opacity=&#8220;1&#8243; column_backdrop_filter=&#8220;none&#8220; column_shadow=&#8220;none&#8220; column_border_radius=&#8220;none&#8220; column_link_target=&#8220;_self&#8220; column_position=&#8220;default&#8220; gradient_direction=&#8220;left_to_right&#8220; overlay_strength=&#8220;0.3&#8243; width=&#8220;1\/1&#8243; tablet_width_inherit=&#8220;default&#8220; animation_type=&#8220;default&#8220; bg_image_animation=&#8220;none&#8220; border_type=&#8220;simple&#8220; column_border_width=&#8220;none&#8220; column_border_style=&#8220;solid&#8220;][vc_column_text css=&#8220;&#8220; text_direction=&#8220;default&#8220;]\n<h3>ZAHLUNG BEI LIEFERUNG<\/h3>\n<p>Sie k\u00f6nnen \u201eNachnahme\u201c als Zahlungsmethode auf der ersten Seite des Warenkorbs ausw\u00e4hlen. F\u00fcr die Nachnahme f\u00e4llt ein zus\u00e4tzlicher Betrag von 4,50 \u20ac an.<\/p>\n<p>Bitte halten Sie den genauen Betrag in bar bereit. Der Kurier akzeptiert keine Schecks und kann kein Wechselgeld geben.<\/p>\n<p>F\u00fcr eine eventuelle R\u00fcckerstattung ben\u00f6tigen Sie ein Bank- oder Postkonto.<\/p>\n<p>BANK\u00dcBERWEISUNG<\/p>\n<p>Sie k\u00f6nnen per \u00dcberweisung auf das Konto von <strong>ProAcqua Group S.r.l.<\/strong> bei der Cassa di Risparmio di Bolzano \u2013 Filiale Rovereto \u2013 Via F. Paoli, 14 38068 Rovereto (TN) bezahlen:<br \/>\nIBAN: IT17Q 06045 20800 00000 07900 00<\/p>\n<p>Um den Versand zu beschleunigen, fotografieren Sie bitte den \u00dcberweisungsbeleg und senden Sie ihn per WhatsApp an +39 393 8913351 oder per E-Mail an <a href=\"mailto:info@proacqua.it\">info@proacqua.it<\/a>. Aus Sicherheitsgr\u00fcnden erfolgt der Versand erst nach Erhalt des Zahlungsnachweises oder nachdem der Betrag auf unserem Konto eingegangen ist.<\/p>\n<p>PAYPAL<\/p>\n<p>PayPal verpflichtet sich zum Schutz Ihrer Privatsph\u00e4re. Sie k\u00f6nnen bezahlen, ohne Ihre finanziellen Daten an den Verk\u00e4ufer weiterzugeben. Einer der effektivsten Wege zum Schutz Ihrer Privatsph\u00e4re ist es, Ihre pers\u00f6nlichen und finanziellen Daten vertraulich zu behandeln. Der besondere Vorteil von PayPal liegt darin, dass H\u00e4ndler Ihre Zahlung erhalten, ohne jemals Ihre Finanzdaten zu sehen.<br \/>\n[\/vc_column_text][\/vc_column][\/vc_row]\n","protected":false},"excerpt":{"rendered":"<p>[vc_row type=&#8220;in_container&#8220; full_screen_row_position=&#8220;middle&#8220; column_margin=&#8220;default&#8220; column_direction=&#8220;default&#8220; column_direction_tablet=&#8220;default&#8220; column_direction_phone=&#8220;default&#8220; scene_position=&#8220;center&#8220; top_padding=&#8220;8%&#8220; text_color=&#8220;dark&#8220; text_align=&#8220;left&#8220; row_border_radius=&#8220;none&#8220; row_border_radius_applies=&#8220;bg&#8220; overflow=&#8220;visible&#8220; overlay_strength=&#8220;0.3&#8243; gradient_direction=&#8220;left_to_right&#8220; shape_divider_position=&#8220;bottom&#8220; bg_image_animation=&#8220;none&#8220; gradient_type=&#8220;default&#8220; shape_type=&#8220;&#8220;][vc_column column_padding=&#8220;no-extra-padding&#8220; column_padding_tablet=&#8220;inherit&#8220; column_padding_phone=&#8220;inherit&#8220; column_padding_position=&#8220;all&#8220; column_element_direction_desktop=&#8220;default&#8220; column_element_spacing=&#8220;default&#8220; desktop_text_alignment=&#8220;default&#8220; tablet_text_alignment=&#8220;default&#8220; phone_text_alignment=&#8220;default&#8220; background_color_opacity=&#8220;1&#8243;&#8230;<\/p>\n","protected":false},"author":1,"featured_media":0,"parent":0,"menu_order":0,"comment_status":"closed","ping_status":"closed","template":"","meta":{"inline_featured_image":false,"footnotes":""},"class_list":["post-4348","page","type-page","status-publish"],"_links":{"self":[{"href":"https:\/\/proacquacasa.com\/de\/wp-json\/wp\/v2\/pages\/4348","targetHints":{"allow":["GET"]}}],"collection":[{"href":"https:\/\/proacquacasa.com\/de\/wp-json\/wp\/v2\/pages"}],"about":[{"href":"https:\/\/proacquacasa.com\/de\/wp-json\/wp\/v2\/types\/page"}],"author":[{"embeddable":true,"href":"https:\/\/proacquacasa.com\/de\/wp-json\/wp\/v2\/users\/1"}],"replies":[{"embeddable":true,"href":"https:\/\/proacquacasa.com\/de\/wp-json\/wp\/v2\/comments?post=4348"}],"version-history":[{"count":3,"href":"https:\/\/proacquacasa.com\/de\/wp-json\/wp\/v2\/pages\/4348\/revisions"}],"predecessor-version":[{"id":4351,"href":"https:\/\/proacquacasa.com\/de\/wp-json\/wp\/v2\/pages\/4348\/revisions\/4351"}],"wp:attachment":[{"href":"https:\/\/proacquacasa.com\/de\/wp-json\/wp\/v2\/media?parent=4348"}],"curies":[{"name":"wp","href":"https:\/\/api.w.org\/{rel}","templated":true}]}}